  {"id":62,"date":"2025-07-24T15:19:27","date_gmt":"2025-07-24T15:19:27","guid":{"rendered":"https:\/\/d3.harvard.edu\/learning-portal\/?page_id=62"},"modified":"2026-04-06T19:34:37","modified_gmt":"2026-04-06T19:34:37","slug":"ia-funciones-organizacionales","status":"publish","type":"page","link":"https:\/\/d3.harvard.edu\/preparate-para-el-futuro-con-ia\/rutas-de-aprendizaje\/ia-funciones-organizacionales\/","title":{"rendered":"IA + Funciones Organizacionales"},"content":{"rendered":"\n<div class=\"wp-block-group alignwide statement-group-variation is-layout-constrained wp-block-group-is-layout-constrained\">\n<h2 class=\"wp-block-heading alignwide has-text-align-left has-medium-font-size\"><strong>En las funciones clave de una organizaci\u00f3n,&nbsp;Prep\u00e1rate para el Futuro con IA&nbsp;te brinda las herramientas que necesitas. Esta serie muestra c\u00f3mo la IA puede optimizar tu jornada laboral mediante&nbsp;modelos generativos&nbsp;que se encargan de tareas rutinarias, mientras que los&nbsp;sistemas de razonamiento y agentes inteligentes&nbsp;manejan flujos de trabajo complejos y de m\u00faltiples etapas. Con&nbsp;marcos pr\u00e1cticos&nbsp;y&nbsp;ejemplos del mundo real, estos m\u00f3dulos te permiten&nbsp;reimaginar c\u00f3mo se realiza el trabajo, liberando tiempo para generar un impacto de mayor valor.<\/strong><\/h2>\n<\/div>\n\n\n\n<div class=\"wp-block-group alignwide has-white-to-light-grey-gradient-background has-background is-layout-constrained wp-block-group-is-layout-constrained\" style=\"padding-top:var(--wp--preset--spacing--500);padding-bottom:var(--wp--preset--spacing--500)\">\n<h4 class=\"wp-block-heading alignwide\"><strong><strong>IA Aplicable en Estrategia<\/strong><\/strong><\/h4>\n\n\n\n<div class=\"wp-block-media-text alignwide is-stacked-on-mobile\" style=\"grid-template-columns:36% auto\"><figure class=\"wp-block-media-text__media\"><img loading=\"lazy\" decoding=\"async\" width=\"1920\" height=\"1080\" src=\"http:\/\/d3.harvard.edu\/preparate-para-el-futuro-con-ia\/wp-content\/uploads\/sites\/43\/2025\/09\/6-1024x576.png\" alt=\"\" class=\"wp-image-290 size-full\" srcset=\"https:\/\/d3.harvard.edu\/preparate-para-el-futuro-con-ia\/wp-content\/uploads\/sites\/43\/2025\/09\/6-1024x576.png 1024w, https:\/\/d3.harvard.edu\/preparate-para-el-futuro-con-ia\/wp-content\/uploads\/sites\/43\/2025\/09\/6-300x169.png 300w, https:\/\/d3.harvard.edu\/preparate-para-el-futuro-con-ia\/wp-content\/uploads\/sites\/43\/2025\/09\/6-768x432.png 768w, https:\/\/d3.harvard.edu\/preparate-para-el-futuro-con-ia\/wp-content\/uploads\/sites\/43\/2025\/09\/6-1536x864.png 1536w, https:\/\/d3.harvard.edu\/preparate-para-el-futuro-con-ia\/wp-content\/uploads\/sites\/43\/2025\/09\/6-512x288.png 512w, https:\/\/d3.harvard.edu\/preparate-para-el-futuro-con-ia\/wp-content\/uploads\/sites\/43\/2025\/09\/6.png 1920w\" sizes=\"auto, (max-width: 1920px) 100vw, 1920px\" \/><\/figure><div class=\"wp-block-media-text__content\">\n<p>\u00bfTienes curiosidad sobre c\u00f3mo la IA puede hacer que tu trabajo estrat\u00e9gico sea m\u00e1s preciso y eficaz?&nbsp;IA Aplicable en Estrategia&nbsp;explora tanto los&nbsp;modelos b\u00e1sicos&nbsp;como los&nbsp;modelos ag\u00e9nticos y de razonamiento&nbsp;que potencian el an\u00e1lisis, la experimentaci\u00f3n y la planificaci\u00f3n. Basado en&nbsp;investigaci\u00f3n de punta&nbsp;y m\u00e9todos aplicados, este m\u00f3dulo demuestra c\u00f3mo integrar la IA en los flujos de trabajo para&nbsp;mejorar la productividad, obtener&nbsp;mejores perspectivas&nbsp;y fortalecer la&nbsp;toma de decisiones.<\/p>\n<\/div><\/div>\n<\/div>\n\n\n\n<div class=\"wp-block-group alignwide has-white-to-light-grey-gradient-background has-background is-layout-constrained wp-block-group-is-layout-constrained\" style=\"padding-top:var(--wp--preset--spacing--500);padding-bottom:var(--wp--preset--spacing--500)\">\n<h4 class=\"wp-block-heading alignwide\"><strong><strong>IA Aplicable en Finanzas<\/strong><\/strong><\/h4>\n\n\n\n<div class=\"wp-block-media-text alignwide is-stacked-on-mobile\" style=\"grid-template-columns:36% auto\"><figure class=\"wp-block-media-text__media\"><img loading=\"lazy\" decoding=\"async\" width=\"1024\" height=\"576\" src=\"https:\/\/d3.harvard.edu\/preparate-para-el-futuro-con-ia\/wp-content\/uploads\/sites\/43\/2025\/09\/5-1024x576.png\" alt=\"\" class=\"wp-image-291 size-full\" srcset=\"https:\/\/d3.harvard.edu\/preparate-para-el-futuro-con-ia\/wp-content\/uploads\/sites\/43\/2025\/09\/5-1024x576.png 1024w, https:\/\/d3.harvard.edu\/preparate-para-el-futuro-con-ia\/wp-content\/uploads\/sites\/43\/2025\/09\/5-300x169.png 300w, https:\/\/d3.harvard.edu\/preparate-para-el-futuro-con-ia\/wp-content\/uploads\/sites\/43\/2025\/09\/5-768x432.png 768w, https:\/\/d3.harvard.edu\/preparate-para-el-futuro-con-ia\/wp-content\/uploads\/sites\/43\/2025\/09\/5-1536x864.png 1536w, https:\/\/d3.harvard.edu\/preparate-para-el-futuro-con-ia\/wp-content\/uploads\/sites\/43\/2025\/09\/5-512x288.png 512w, https:\/\/d3.harvard.edu\/preparate-para-el-futuro-con-ia\/wp-content\/uploads\/sites\/43\/2025\/09\/5.png 1920w\" sizes=\"auto, (max-width: 1024px) 100vw, 1024px\" \/><\/figure><div class=\"wp-block-media-text__content\">\n<p>\u00bfTe preguntas c\u00f3mo la IA puede transformar el an\u00e1lisis financiero y la toma de decisiones?&nbsp;IA Aplicable en Finanzaspresenta tanto&nbsp;modelos b\u00e1sicos&nbsp;como&nbsp;modelos ag\u00e9nticos y de razonamiento&nbsp;para respaldar la&nbsp;predicci\u00f3n, el&nbsp;reconocimiento de patrones&nbsp;y el&nbsp;an\u00e1lisis complejo. Basado en investigaci\u00f3n pionera y marcos pr\u00e1cticos, este m\u00f3dulo muestra c\u00f3mo la IA puede integrarse en los flujos de trabajo financieros para mejorar la&nbsp;precisi\u00f3n, la&nbsp;eficiencia&nbsp;y la&nbsp;visi\u00f3n estrat\u00e9gica.<\/p>\n<\/div><\/div>\n<\/div>\n\n\n\n<div class=\"wp-block-group alignwide has-white-to-light-grey-gradient-background has-background is-layout-constrained wp-block-group-is-layout-constrained\" style=\"padding-top:var(--wp--preset--spacing--500);padding-bottom:var(--wp--preset--spacing--500)\">\n<h4 class=\"wp-block-heading alignwide\"><strong><strong>IA Aplicable en Recursos Humanos<\/strong><\/strong><\/h4>\n\n\n\n<div class=\"wp-block-media-text alignwide is-stacked-on-mobile\" style=\"grid-template-columns:36% auto\"><figure class=\"wp-block-media-text__media\"><img loading=\"lazy\" decoding=\"async\" width=\"1024\" height=\"576\" src=\"https:\/\/d3.harvard.edu\/preparate-para-el-futuro-con-ia\/wp-content\/uploads\/sites\/43\/2025\/09\/10-1024x576.png\" alt=\"\" class=\"wp-image-292 size-full\" srcset=\"https:\/\/d3.harvard.edu\/preparate-para-el-futuro-con-ia\/wp-content\/uploads\/sites\/43\/2025\/09\/10-1024x576.png 1024w, https:\/\/d3.harvard.edu\/preparate-para-el-futuro-con-ia\/wp-content\/uploads\/sites\/43\/2025\/09\/10-300x169.png 300w, https:\/\/d3.harvard.edu\/preparate-para-el-futuro-con-ia\/wp-content\/uploads\/sites\/43\/2025\/09\/10-768x432.png 768w, https:\/\/d3.harvard.edu\/preparate-para-el-futuro-con-ia\/wp-content\/uploads\/sites\/43\/2025\/09\/10-1536x864.png 1536w, https:\/\/d3.harvard.edu\/preparate-para-el-futuro-con-ia\/wp-content\/uploads\/sites\/43\/2025\/09\/10-512x288.png 512w, https:\/\/d3.harvard.edu\/preparate-para-el-futuro-con-ia\/wp-content\/uploads\/sites\/43\/2025\/09\/10.png 1920w\" sizes=\"auto, (max-width: 1024px) 100vw, 1024px\" \/><\/figure><div class=\"wp-block-media-text__content\">\n<p>\u00bfTe interesa c\u00f3mo la IA puede transformar la experiencia del empleado y la estrategia del talento? Este m\u00f3dulo introduce el uso de la&nbsp;IA generativa&nbsp;para optimizar procesos de RR. HH., automatizar tareas administrativas y mejorar la gesti\u00f3n del talento. Luego, profundiza en&nbsp;modelos de razonamiento&nbsp;y&nbsp;sistemas ag\u00e9nticos&nbsp;que dise\u00f1an y ejecutan flujos de trabajo centrados en las personas de forma aut\u00f3noma. Basado en investigaci\u00f3n y pr\u00e1ctica aplicada, el m\u00f3dulo destaca c\u00f3mo la IA permite a los l\u00edderes de Recursos Humanos mejorar la&nbsp;eficiencia, el&nbsp;cumplimiento normativo&nbsp;y el&nbsp;impacto organizacional.<\/p>\n<\/div><\/div>\n<\/div>\n\n\n\n<div class=\"wp-block-group alignwide has-white-to-light-grey-gradient-background has-background is-layout-constrained wp-block-group-is-layout-constrained\" style=\"padding-top:var(--wp--preset--spacing--500);padding-bottom:var(--wp--preset--spacing--500)\">\n<h4 class=\"wp-block-heading alignwide\"><strong><strong>IA Aplicable en Marketing<\/strong>&nbsp;<\/strong><\/h4>\n\n\n\n<div class=\"wp-block-media-text alignwide is-stacked-on-mobile\" style=\"grid-template-columns:36% auto\"><figure class=\"wp-block-media-text__media\"><img loading=\"lazy\" decoding=\"async\" width=\"1024\" height=\"576\" src=\"https:\/\/d3.harvard.edu\/preparate-para-el-futuro-con-ia\/wp-content\/uploads\/sites\/43\/2025\/09\/7-1024x576.png\" alt=\"\" class=\"wp-image-293 size-full\" srcset=\"https:\/\/d3.harvard.edu\/preparate-para-el-futuro-con-ia\/wp-content\/uploads\/sites\/43\/2025\/09\/7-1024x576.png 1024w, https:\/\/d3.harvard.edu\/preparate-para-el-futuro-con-ia\/wp-content\/uploads\/sites\/43\/2025\/09\/7-300x169.png 300w, https:\/\/d3.harvard.edu\/preparate-para-el-futuro-con-ia\/wp-content\/uploads\/sites\/43\/2025\/09\/7-768x432.png 768w, https:\/\/d3.harvard.edu\/preparate-para-el-futuro-con-ia\/wp-content\/uploads\/sites\/43\/2025\/09\/7-1536x864.png 1536w, https:\/\/d3.harvard.edu\/preparate-para-el-futuro-con-ia\/wp-content\/uploads\/sites\/43\/2025\/09\/7-512x288.png 512w, https:\/\/d3.harvard.edu\/preparate-para-el-futuro-con-ia\/wp-content\/uploads\/sites\/43\/2025\/09\/7.png 1920w\" sizes=\"auto, (max-width: 1024px) 100vw, 1024px\" \/><\/figure><div class=\"wp-block-media-text__content\">\n<p>\u00bfTienes curiosidad sobre c\u00f3mo la IA est\u00e1 redefiniendo la investigaci\u00f3n y la estrategia de marketing? Este m\u00f3dulo comienza con el uso de&nbsp;grandes modelos de lenguaje&nbsp;para obtener insights del consumidor, dise\u00f1ar encuestas y crear perfiles de audiencia, y luego avanza hacia&nbsp;modelos de razonamiento&nbsp;y&nbsp;IA ag\u00e9ntica&nbsp;que coordinan flujos de trabajo aut\u00f3nomos. Basado en investigaciones de vanguardia, el m\u00f3dulo muestra c\u00f3mo la IA potencia la&nbsp;planificaci\u00f3n, la&nbsp;ejecuci\u00f3n&nbsp;y la&nbsp;toma de decisiones&nbsp;a lo largo de todo el ciclo de vida del marketing.<\/p>\n<\/div><\/div>\n<\/div>\n\n\n\n<div class=\"wp-block-group alignwide has-white-to-light-grey-gradient-background has-background is-layout-constrained wp-container-core-group-is-layout-4171d8c2 wp-block-group-is-layout-constrained\" style=\"padding-right:var(--wp--preset--spacing--500);padding-left:var(--wp--preset--spacing--500)\">\n<h4 class=\"wp-block-heading alignwide\"><strong><strong>IA Aplicable en I+D<\/strong><\/strong><\/h4>\n\n\n\n<div class=\"wp-block-media-text alignwide is-stacked-on-mobile\" style=\"grid-template-columns:37% auto\"><figure class=\"wp-block-media-text__media\"><img loading=\"lazy\" decoding=\"async\" width=\"1024\" height=\"576\" src=\"https:\/\/d3.harvard.edu\/preparate-para-el-futuro-con-ia\/wp-content\/uploads\/sites\/43\/2025\/09\/8-1024x576.png\" alt=\"\" class=\"wp-image-294 size-full\" srcset=\"https:\/\/d3.harvard.edu\/preparate-para-el-futuro-con-ia\/wp-content\/uploads\/sites\/43\/2025\/09\/8-1024x576.png 1024w, https:\/\/d3.harvard.edu\/preparate-para-el-futuro-con-ia\/wp-content\/uploads\/sites\/43\/2025\/09\/8-300x169.png 300w, https:\/\/d3.harvard.edu\/preparate-para-el-futuro-con-ia\/wp-content\/uploads\/sites\/43\/2025\/09\/8-768x432.png 768w, https:\/\/d3.harvard.edu\/preparate-para-el-futuro-con-ia\/wp-content\/uploads\/sites\/43\/2025\/09\/8-1536x864.png 1536w, https:\/\/d3.harvard.edu\/preparate-para-el-futuro-con-ia\/wp-content\/uploads\/sites\/43\/2025\/09\/8-512x288.png 512w, https:\/\/d3.harvard.edu\/preparate-para-el-futuro-con-ia\/wp-content\/uploads\/sites\/43\/2025\/09\/8.png 1920w\" sizes=\"auto, (max-width: 1024px) 100vw, 1024px\" \/><\/figure><div class=\"wp-block-media-text__content\">\n<p>\u00bfTe preguntas c\u00f3mo la IA est\u00e1 transformando la forma en que se logran los avances en investigaci\u00f3n? Este m\u00f3dulo introduce el uso de&nbsp;IA generativa&nbsp;para agilizar revisiones, generar hip\u00f3tesis y dise\u00f1ar experimentos, y luego avanza hacia&nbsp;modelos de razonamiento&nbsp;y&nbsp;sistemas ag\u00e9nticos&nbsp;capaces de ejecutar procesos de I+D de principio a fin. Basado en investigaci\u00f3n pionera y pr\u00e1ctica aplicada, el m\u00f3dulo destaca c\u00f3mo la IA refuerza el&nbsp;rigor cient\u00edfico, acelera la&nbsp;experimentaci\u00f3n&nbsp;y respalda la&nbsp;innovaci\u00f3n estrat\u00e9gica&nbsp;a lo largo de todo el ciclo de vida de la investigaci\u00f3n.<\/p>\n<\/div><\/div>\n<\/div>\n\n\n\n<div class=\"wp-block-group alignwide has-white-to-light-grey-gradient-background has-background is-layout-constrained wp-block-group-is-layout-constrained\" style=\"padding-top:var(--wp--preset--spacing--500);padding-bottom:var(--wp--preset--spacing--500)\">\n<h4 class=\"wp-block-heading alignwide\"><strong><strong>IA Aplicable en DSOPs<\/strong><\/strong><\/h4>\n\n\n\n<div class=\"wp-block-media-text alignwide is-stacked-on-mobile\" style=\"grid-template-columns:37% auto\"><figure class=\"wp-block-media-text__media\"><img loading=\"lazy\" decoding=\"async\" width=\"1024\" height=\"576\" src=\"https:\/\/d3.harvard.edu\/preparate-para-el-futuro-con-ia\/wp-content\/uploads\/sites\/43\/2025\/09\/9-1024x576.png\" alt=\"\" class=\"wp-image-295 size-full\" srcset=\"https:\/\/d3.harvard.edu\/preparate-para-el-futuro-con-ia\/wp-content\/uploads\/sites\/43\/2025\/09\/9-1024x576.png 1024w, https:\/\/d3.harvard.edu\/preparate-para-el-futuro-con-ia\/wp-content\/uploads\/sites\/43\/2025\/09\/9-300x169.png 300w, https:\/\/d3.harvard.edu\/preparate-para-el-futuro-con-ia\/wp-content\/uploads\/sites\/43\/2025\/09\/9-768x432.png 768w, https:\/\/d3.harvard.edu\/preparate-para-el-futuro-con-ia\/wp-content\/uploads\/sites\/43\/2025\/09\/9-1536x864.png 1536w, https:\/\/d3.harvard.edu\/preparate-para-el-futuro-con-ia\/wp-content\/uploads\/sites\/43\/2025\/09\/9-512x288.png 512w, https:\/\/d3.harvard.edu\/preparate-para-el-futuro-con-ia\/wp-content\/uploads\/sites\/43\/2025\/09\/9.png 1920w\" sizes=\"auto, (max-width: 1024px) 100vw, 1024px\" \/><\/figure><div class=\"wp-block-media-text__content\">\n<p>\u00bfTe interesa c\u00f3mo los avances en IA est\u00e1n transformando las operaciones de ciencia de datos? Este m\u00f3dulo comienza con el uso de&nbsp;modelos generativos&nbsp;para optimizar pipelines, acelerar el an\u00e1lisis y mejorar la colaboraci\u00f3n, y luego avanza hacia&nbsp;modelos de razonamiento&nbsp;y&nbsp;IA ag\u00e9ntica&nbsp;que orquestan flujos de trabajo de forma aut\u00f3noma en procesos de&nbsp;ingesti\u00f3n, modelado, validaci\u00f3n y generaci\u00f3n de informes. Basado en&nbsp;investigaci\u00f3n de punta, y a trav\u00e9s de&nbsp;ejercicios pr\u00e1cticos, este m\u00f3dulo demuestra c\u00f3mo la IA mejora la&nbsp;eficiencia, la&nbsp;gobernanza&nbsp;y la&nbsp;toma de decisiones estrat\u00e9gicas&nbsp;en las operaciones de datos.<\/p>\n<\/div><\/div>\n<\/div>\n\n\n\n<div class=\"wp-block-group alignwide has-white-to-light-grey-gradient-background has-background is-layout-constrained wp-block-group-is-layout-constrained\">\n<h4 class=\"wp-block-heading alignwide\">IA Aplicable en el Trabajo del Sector P\u00fablico<\/h4>\n\n\n\n<div class=\"wp-block-media-text alignwide is-stacked-on-mobile\" style=\"grid-template-columns:37% auto\"><figure class=\"wp-block-media-text__media\"><img loading=\"lazy\" decoding=\"async\" width=\"1024\" height=\"576\" src=\"https:\/\/d3.harvard.edu\/preparate-para-el-futuro-con-ia\/wp-content\/uploads\/sites\/43\/2025\/09\/11-1024x576.png\" alt=\"\" class=\"wp-image-296 size-full\" srcset=\"https:\/\/d3.harvard.edu\/preparate-para-el-futuro-con-ia\/wp-content\/uploads\/sites\/43\/2025\/09\/11-1024x576.png 1024w, https:\/\/d3.harvard.edu\/preparate-para-el-futuro-con-ia\/wp-content\/uploads\/sites\/43\/2025\/09\/11-300x169.png 300w, https:\/\/d3.harvard.edu\/preparate-para-el-futuro-con-ia\/wp-content\/uploads\/sites\/43\/2025\/09\/11-768x432.png 768w, https:\/\/d3.harvard.edu\/preparate-para-el-futuro-con-ia\/wp-content\/uploads\/sites\/43\/2025\/09\/11-1536x864.png 1536w, https:\/\/d3.harvard.edu\/preparate-para-el-futuro-con-ia\/wp-content\/uploads\/sites\/43\/2025\/09\/11-512x288.png 512w, https:\/\/d3.harvard.edu\/preparate-para-el-futuro-con-ia\/wp-content\/uploads\/sites\/43\/2025\/09\/11.png 1920w\" sizes=\"auto, (max-width: 1024px) 100vw, 1024px\" \/><\/figure><div class=\"wp-block-media-text__content\">\n<p>\u00bfC\u00f3mo puede la IA transformar la manera en que los distintos niveles de gobierno prestan servicios y se relacionan con la ciudadan\u00eda?\u00a0IA Aplicable en el Trabajo del Sector P\u00fablico\u00a0explora c\u00f3mo la\u00a0IA generativa, combinada con una\u00a0ingenier\u00eda de prompts estructurada, pueden impulsar el an\u00e1lisis de pol\u00edticas, la redacci\u00f3n de documentos y la prestaci\u00f3n de servicios p\u00fablicos. Basado en\u00a0investigaci\u00f3n de punta\u00a0y respaldado por mecanismos de seguridad responsables, este m\u00f3dulo brinda a los participantes\u00a0habilidades pr\u00e1cticas\u00a0para integrar la IA en la\u00a0toma de decisiones del sector p\u00fablico\u00a0con impacto y confianza.<\/p>\n<\/div><\/div>\n<\/div>\n\n\n\n<div class=\"wp-block-group alignfull has-light-to-dark-77deg-gradient-background has-background is-layout-constrained wp-block-group-is-layout-constrained\" style=\"margin-top:var(--wp--preset--spacing--200);padding-top:var(--wp--preset--spacing--600)\">\n<h2 class=\"wp-block-heading\"><strong>\u00danete Ahora<\/strong><\/h2>\n\n\n\n<div class=\"wp-block-columns is-layout-flex wp-container-core-columns-is-layout-28f84493 wp-block-columns-is-layout-flex\">\n<div class=\"wp-block-column is-layout-flow wp-block-column-is-layout-flow\">\n<p>Aprovecha toda la experiencia de&nbsp;<em>Prep\u00e1rate para el Futuro con IA<\/em>&nbsp;hasta el&nbsp;<strong>28 de septiembre de 2026<\/strong>&nbsp;por un precio total de&nbsp;<strong>$279<\/strong>. Desbloquea tu potencial individual y empresarial, y eleva tu forma de trabajar con&nbsp;D^3.<\/p>\n\n\n\n<p><\/p>\n\n\n\n<div class=\"wp-block-buttons is-layout-flex wp-block-buttons-is-layout-flex\">\n<div class=\"wp-block-button is-style-arrow\"><a class=\"wp-block-button__link has-black-color has-text-color has-link-color wp-element-button\" href=\"https:\/\/cvent.me\/zY931w\"><strong>Reg\u00edstrate<\/strong><\/a><\/div>\n<\/div>\n\n\n\n<p class=\"has-black-color has-text-color has-link-color wp-elements-66b6f0c44e1f0b68c823317f0a3d092e\"><em>\u00bfYa eres miembro?&nbsp;<a href=\"https:\/\/d3.sana.ai\/learn\" target=\"_blank\" rel=\"noreferrer noopener\">Inicia sesi\u00f3n aqu\u00ed.<\/a><\/em><\/p>\n<\/div>\n<\/div>\n<\/div>\n","protected":false},"excerpt":{"rendered":"<p>En las funciones clave de una organizaci\u00f3n,&nbsp;Prep\u00e1rate para el Futuro con IA&nbsp;te brinda las herramientas que necesitas. Esta serie muestra c\u00f3mo la IA puede optimizar tu jornada laboral mediante&nbsp;modelos generativos&nbsp;que se encargan de tareas rutinarias, mientras que los&nbsp;sistemas de razonamiento y agentes inteligentes&nbsp;manejan flujos de trabajo complejos y de m\u00faltiples etapas. Con&nbsp;marcos pr\u00e1cticos&nbsp;y&nbsp;ejemplos del mundo [&hellip;]<\/p>\n","protected":false},"author":19383,"featured_media":0,"parent":4,"menu_order":0,"comment_status":"closed","ping_status":"closed","template":"","meta":{"_trash_the_other_posts":false,"rkv_hide_featured_image":false,"rkv_hide_page_title":false,"rkv_hide_abstract_shapes":true,"rkv_reduce_header":false,"hbsd3_featured_media_url":"","hbsd3_featured_media_url_autoplay":false,"editor_notices":[],"footnotes":""},"class_list":["post-62","page","type-page","status-publish","hentry"],"_links":{"self":[{"href":"https:\/\/d3.harvard.edu\/preparate-para-el-futuro-con-ia\/wp-json\/wp\/v2\/pages\/62","targetHints":{"allow":["GET"]}}],"collection":[{"href":"https:\/\/d3.harvard.edu\/preparate-para-el-futuro-con-ia\/wp-json\/wp\/v2\/pages"}],"about":[{"href":"https:\/\/d3.harvard.edu\/preparate-para-el-futuro-con-ia\/wp-json\/wp\/v2\/types\/page"}],"author":[{"embeddable":true,"href":"https:\/\/d3.harvard.edu\/preparate-para-el-futuro-con-ia\/wp-json\/wp\/v2\/users\/19383"}],"replies":[{"embeddable":true,"href":"https:\/\/d3.harvard.edu\/preparate-para-el-futuro-con-ia\/wp-json\/wp\/v2\/comments?post=62"}],"version-history":[{"count":16,"href":"https:\/\/d3.harvard.edu\/preparate-para-el-futuro-con-ia\/wp-json\/wp\/v2\/pages\/62\/revisions"}],"predecessor-version":[{"id":365,"href":"https:\/\/d3.harvard.edu\/preparate-para-el-futuro-con-ia\/wp-json\/wp\/v2\/pages\/62\/revisions\/365"}],"up":[{"embeddable":true,"href":"https:\/\/d3.harvard.edu\/preparate-para-el-futuro-con-ia\/wp-json\/wp\/v2\/pages\/4"}],"wp:attachment":[{"href":"https:\/\/d3.harvard.edu\/preparate-para-el-futuro-con-ia\/wp-json\/wp\/v2\/media?parent=62"}],"curies":[{"name":"wp","href":"https:\/\/api.w.org\/{rel}","templated":true}]}}