  {"id":54,"date":"2025-07-24T15:11:32","date_gmt":"2025-07-24T15:11:32","guid":{"rendered":"https:\/\/d3.harvard.edu\/learning-portal\/?page_id=54"},"modified":"2025-11-13T21:29:58","modified_gmt":"2025-11-13T21:29:58","slug":"fundamentos-de-la-inteligencia-artificial","status":"publish","type":"page","link":"https:\/\/d3.harvard.edu\/preparate-para-el-futuro-con-ia\/rutas-de-aprendizaje\/fundamentos-de-la-inteligencia-artificial\/","title":{"rendered":"Fundamentos de IA"},"content":{"rendered":"\n<div class=\"wp-block-group alignwide statement-group-variation is-layout-constrained wp-block-group-is-layout-constrained\">\n<h2 class=\"wp-block-heading alignwide has-text-align-left has-medium-font-size\"><strong>Fundamentos de IA&nbsp;proporciona una base s\u00f3lida para comprender las principales ramas de la inteligencia artificial\u2014predictiva, generativa y ag\u00e9ntica\u2014y sus aplicaciones en el mundo empresarial. A trav\u00e9s de&nbsp;ejercicios pr\u00e1cticos,&nbsp;casos de uso reales&nbsp;y&nbsp;perspectivas basadas en la investigaci\u00f3n, estos m\u00f3dulos preparan a los profesionales con las habilidades necesarias para&nbsp;evaluar, aplicar y supervisar sistemas de IA, desarrollando la confianza para aprovechar su potencial de manera&nbsp;responsable y eficaz&nbsp;en una amplia variedad de contextos organizacionales.<\/strong><\/h2>\n<\/div>\n\n\n\n<div class=\"wp-block-group alignwide has-white-to-light-grey-gradient-background has-background is-layout-constrained wp-block-group-is-layout-constrained\" style=\"padding-top:var(--wp--preset--spacing--500);padding-bottom:var(--wp--preset--spacing--500)\">\n<h3 class=\"wp-block-heading alignwide\"><strong>Fundamentos de IA Predictiva<\/strong><\/h3>\n\n\n\n<div class=\"wp-block-media-text alignwide is-stacked-on-mobile\" style=\"grid-template-columns:39% auto\"><figure class=\"wp-block-media-text__media\"><img loading=\"lazy\" decoding=\"async\" width=\"1024\" height=\"576\" src=\"https:\/\/d3.harvard.edu\/preparate-para-el-futuro-con-ia\/wp-content\/uploads\/sites\/43\/2025\/09\/3-1024x576.png\" alt=\"\" class=\"wp-image-299 size-full\" srcset=\"https:\/\/d3.harvard.edu\/preparate-para-el-futuro-con-ia\/wp-content\/uploads\/sites\/43\/2025\/09\/3-1024x576.png 1024w, https:\/\/d3.harvard.edu\/preparate-para-el-futuro-con-ia\/wp-content\/uploads\/sites\/43\/2025\/09\/3-300x169.png 300w, https:\/\/d3.harvard.edu\/preparate-para-el-futuro-con-ia\/wp-content\/uploads\/sites\/43\/2025\/09\/3-768x432.png 768w, https:\/\/d3.harvard.edu\/preparate-para-el-futuro-con-ia\/wp-content\/uploads\/sites\/43\/2025\/09\/3-1536x864.png 1536w, https:\/\/d3.harvard.edu\/preparate-para-el-futuro-con-ia\/wp-content\/uploads\/sites\/43\/2025\/09\/3-512x288.png 512w, https:\/\/d3.harvard.edu\/preparate-para-el-futuro-con-ia\/wp-content\/uploads\/sites\/43\/2025\/09\/3.png 1920w\" sizes=\"auto, (max-width: 1024px) 100vw, 1024px\" \/><\/figure><div class=\"wp-block-media-text__content\">\n<p>\u00bfEst\u00e1s listo para comprender los fundamentos detr\u00e1s de los modelos de aprendizaje autom\u00e1tico que est\u00e1n dando forma al futuro de los negocios?&nbsp;<strong>Fundamentos de IA Predictiva<\/strong>&nbsp;presenta las bases del&nbsp;<strong>machine learning<\/strong>, la&nbsp;<strong>modelizaci\u00f3n basada en datos<\/strong>&nbsp;y la&nbsp;<strong>ejecuci\u00f3n pr\u00e1ctica de proyectos<\/strong>.Dise\u00f1ado para brindar a l\u00edderes empresariales no t\u00e9cnicos una comprensi\u00f3n clara e intuitiva, y al mismo tiempo motivar a los participantes a desarrollar una mayor&nbsp;<strong>proficiencia t\u00e9cnica<\/strong>, este m\u00f3dulo combina&nbsp;<strong>casos de uso del mundo real<\/strong>&nbsp;y&nbsp;<strong>pr\u00e1ctica aplicada<\/strong>&nbsp;para equipar a los profesionales con las herramientas necesarias para aprovechar la IA predictiva y generar un&nbsp;<strong>impacto empresarial duradero<\/strong>.<\/p>\n<\/div><\/div>\n<\/div>\n\n\n\n<div class=\"wp-block-group alignwide has-white-to-light-grey-gradient-background has-background is-layout-constrained wp-block-group-is-layout-constrained\" style=\"padding-top:var(--wp--preset--spacing--500);padding-bottom:var(--wp--preset--spacing--500)\">\n<h3 class=\"wp-block-heading alignwide\"><strong>Fundamentos de IA Generativa<\/strong><\/h3>\n\n\n\n<div class=\"wp-block-media-text alignwide is-stacked-on-mobile\" style=\"grid-template-columns:39% auto\"><figure class=\"wp-block-media-text__media\"><img loading=\"lazy\" decoding=\"async\" width=\"1024\" height=\"576\" src=\"https:\/\/d3.harvard.edu\/preparate-para-el-futuro-con-ia\/wp-content\/uploads\/sites\/43\/2025\/09\/1-1024x576.png\" alt=\"\" class=\"wp-image-300 size-full\" srcset=\"https:\/\/d3.harvard.edu\/preparate-para-el-futuro-con-ia\/wp-content\/uploads\/sites\/43\/2025\/09\/1-1024x576.png 1024w, https:\/\/d3.harvard.edu\/preparate-para-el-futuro-con-ia\/wp-content\/uploads\/sites\/43\/2025\/09\/1-300x169.png 300w, https:\/\/d3.harvard.edu\/preparate-para-el-futuro-con-ia\/wp-content\/uploads\/sites\/43\/2025\/09\/1-768x432.png 768w, https:\/\/d3.harvard.edu\/preparate-para-el-futuro-con-ia\/wp-content\/uploads\/sites\/43\/2025\/09\/1-1536x864.png 1536w, https:\/\/d3.harvard.edu\/preparate-para-el-futuro-con-ia\/wp-content\/uploads\/sites\/43\/2025\/09\/1-512x288.png 512w, https:\/\/d3.harvard.edu\/preparate-para-el-futuro-con-ia\/wp-content\/uploads\/sites\/43\/2025\/09\/1.png 1920w\" sizes=\"auto, (max-width: 1024px) 100vw, 1024px\" \/><\/figure><div class=\"wp-block-media-text__content\">\n<p>\u00bfTe interesa aprender c\u00f3mo la IA generativa est\u00e1 revolucionando la&nbsp;<strong>creatividad<\/strong>, la&nbsp;<strong>productividad<\/strong>&nbsp;y la&nbsp;<strong>innovaci\u00f3n<\/strong>?&nbsp;<strong>Fundamentos de IA Generativa<\/strong>&nbsp;explora t\u00e9cnicas esenciales en&nbsp;<strong>ingenier\u00eda de prompts<\/strong>,&nbsp;<strong>innovaci\u00f3n impulsada por IA<\/strong>&nbsp;y&nbsp;<strong>toma de decisiones estrat\u00e9gicas<\/strong>. Aprender\u00e1s c\u00f3mo la IA puede&nbsp;<strong>automatizar tareas complejas<\/strong>,&nbsp;<strong>mejorar la colaboraci\u00f3n<\/strong>&nbsp;y&nbsp;<strong>acelerar el crecimiento empresarial<\/strong>. Este m\u00f3dulo ofrece&nbsp;<strong>experiencia pr\u00e1ctica<\/strong>&nbsp;y&nbsp;<strong>perspectivas de expertos<\/strong>&nbsp;para ayudarte a cerrar la brecha entre las capacidades avanzadas de la IA y sus aplicaciones reales en el entorno laboral.<\/p>\n<\/div><\/div>\n<\/div>\n\n\n\n<div class=\"wp-block-group alignwide has-white-to-light-grey-gradient-background has-background is-layout-constrained wp-block-group-is-layout-constrained\" style=\"padding-top:var(--wp--preset--spacing--500);padding-bottom:var(--wp--preset--spacing--500)\">\n<h3 class=\"wp-block-heading alignwide\"><strong>Fundamentos de IA Ag\u00e9ntica<\/strong><\/h3>\n\n\n\n<div class=\"wp-block-media-text alignwide is-stacked-on-mobile\" style=\"grid-template-columns:40% auto\"><figure class=\"wp-block-media-text__media\"><img loading=\"lazy\" decoding=\"async\" width=\"1024\" height=\"576\" src=\"https:\/\/d3.harvard.edu\/preparate-para-el-futuro-con-ia\/wp-content\/uploads\/sites\/43\/2025\/09\/2-1024x576.png\" alt=\"\" class=\"wp-image-301 size-full\" srcset=\"https:\/\/d3.harvard.edu\/preparate-para-el-futuro-con-ia\/wp-content\/uploads\/sites\/43\/2025\/09\/2-1024x576.png 1024w, https:\/\/d3.harvard.edu\/preparate-para-el-futuro-con-ia\/wp-content\/uploads\/sites\/43\/2025\/09\/2-300x169.png 300w, https:\/\/d3.harvard.edu\/preparate-para-el-futuro-con-ia\/wp-content\/uploads\/sites\/43\/2025\/09\/2-768x432.png 768w, https:\/\/d3.harvard.edu\/preparate-para-el-futuro-con-ia\/wp-content\/uploads\/sites\/43\/2025\/09\/2-1536x864.png 1536w, https:\/\/d3.harvard.edu\/preparate-para-el-futuro-con-ia\/wp-content\/uploads\/sites\/43\/2025\/09\/2-512x288.png 512w, https:\/\/d3.harvard.edu\/preparate-para-el-futuro-con-ia\/wp-content\/uploads\/sites\/43\/2025\/09\/2.png 1920w\" sizes=\"auto, (max-width: 1024px) 100vw, 1024px\" \/><\/figure><div class=\"wp-block-media-text__content\">\n<p>\u00bfListo para explorar c\u00f3mo los sistemas de IA aut\u00f3noma pueden transformar la eficiencia operativa? Este m\u00f3dulo equipa a los l\u00edderes empresariales con el conocimiento necesario para&nbsp;<strong>comprender, evaluar e implementar IA Ag\u00e9ntica<\/strong>\u2014sistemas capaces de&nbsp;<strong>tomar decisiones, ejecutar tareas y aprender de forma aut\u00f3noma<\/strong>. A trav\u00e9s de&nbsp;<strong>casos de uso reales<\/strong>,&nbsp;<strong>ejercicios pr\u00e1cticos<\/strong>&nbsp;y&nbsp;<strong>perspectivas basadas en la investigaci\u00f3n<\/strong>, los participantes adquirir\u00e1n un&nbsp;<strong>marco pr\u00e1ctico<\/strong>&nbsp;para integrar&nbsp;<strong>agentes de IA<\/strong>&nbsp;en sus estrategias empresariales.<\/p>\n<\/div><\/div>\n<\/div>\n\n\n\n<div class=\"wp-block-group alignwide has-yellow-background-color has-background is-layout-constrained wp-block-group-is-layout-constrained\" style=\"box-shadow:var(--wp--preset--shadow--natural)\">\n<h4 class=\"wp-block-heading alignwide\"><strong><strong>Pr\u00f3ximamente:&nbsp;<\/strong>Implementando IA Responsablemente<\/strong><\/h4>\n\n\n\n<div class=\"wp-block-media-text alignwide is-stacked-on-mobile\" style=\"grid-template-columns:41% auto\"><figure class=\"wp-block-media-text__media\"><img loading=\"lazy\" decoding=\"async\" width=\"1024\" height=\"576\" src=\"https:\/\/d3.harvard.edu\/preparate-para-el-futuro-con-ia\/wp-content\/uploads\/sites\/43\/2025\/09\/4-1024x576.png\" alt=\"\" class=\"wp-image-302 size-full\" srcset=\"https:\/\/d3.harvard.edu\/preparate-para-el-futuro-con-ia\/wp-content\/uploads\/sites\/43\/2025\/09\/4-1024x576.png 1024w, https:\/\/d3.harvard.edu\/preparate-para-el-futuro-con-ia\/wp-content\/uploads\/sites\/43\/2025\/09\/4-300x169.png 300w, https:\/\/d3.harvard.edu\/preparate-para-el-futuro-con-ia\/wp-content\/uploads\/sites\/43\/2025\/09\/4-768x432.png 768w, https:\/\/d3.harvard.edu\/preparate-para-el-futuro-con-ia\/wp-content\/uploads\/sites\/43\/2025\/09\/4-1536x864.png 1536w, https:\/\/d3.harvard.edu\/preparate-para-el-futuro-con-ia\/wp-content\/uploads\/sites\/43\/2025\/09\/4-512x288.png 512w, https:\/\/d3.harvard.edu\/preparate-para-el-futuro-con-ia\/wp-content\/uploads\/sites\/43\/2025\/09\/4.png 1920w\" sizes=\"auto, (max-width: 1024px) 100vw, 1024px\" \/><\/figure><div class=\"wp-block-media-text__content\">\n<p>\u00bfNecesitas comprender c\u00f3mo tu organizaci\u00f3n puede aprovechar los beneficios de la IA garantizando al mismo tiempo la&nbsp;equidad, la&nbsp;responsabilidad&nbsp;y la&nbsp;confianza a largo plazo?&nbsp;Implementaci\u00f3n Responsable de la IA&nbsp;explora los&nbsp;marcos,&nbsp;pol\u00edticas&nbsp;y&nbsp;pr\u00e1cticas&nbsp;que gu\u00edan una adopci\u00f3n \u00e9tica y una gobernanza efectiva. A trav\u00e9s de&nbsp;perspectivas del mundo real&nbsp;y aprendizaje aplicado, los participantes adquieren las herramientas necesarias para&nbsp;equilibrar la innovaci\u00f3n con la responsabilidad, dando forma a una IA que impulse los objetivos empresariales y, al mismo tiempo,&nbsp;contribuya al bien social.<\/p>\n<\/div><\/div>\n<\/div>\n\n\n\n<div class=\"wp-block-group alignfull has-light-to-dark-77deg-gradient-background has-background is-layout-constrained wp-block-group-is-layout-constrained\" style=\"margin-top:var(--wp--preset--spacing--200);padding-top:var(--wp--preset--spacing--600)\">\n<h2 class=\"wp-block-heading\"><strong>\u00danete Ahora<\/strong><\/h2>\n\n\n\n<div class=\"wp-block-columns is-layout-flex wp-container-core-columns-is-layout-28f84493 wp-block-columns-is-layout-flex\">\n<div class=\"wp-block-column is-layout-flow wp-block-column-is-layout-flow\">\n<p>Aprovecha toda la experiencia de&nbsp;<strong>Prep\u00e1rate para el Futuro con IA<\/strong>&nbsp;hasta el&nbsp;<strong>28 de septiembre de 2026<\/strong>&nbsp;por un precio total de&nbsp;<strong>$279<\/strong>. Desbloquea tu potencial individual y empresarial, y eleva tu forma de trabajar con&nbsp;D^3.<\/p>\n\n\n\n<p><\/p>\n\n\n\n<div class=\"wp-block-buttons is-layout-flex wp-block-buttons-is-layout-flex\">\n<div class=\"wp-block-button is-style-arrow\"><a class=\"wp-block-button__link has-black-color has-text-color has-link-color wp-element-button\" href=\"https:\/\/cvent.me\/zY931w\"><strong>Reg\u00edstrate<\/strong><\/a><\/div>\n<\/div>\n\n\n\n<p class=\"has-black-color has-text-color has-link-color wp-elements-1760eff9a30b2902ca0cb62b7f8659a2\"><em>\u00bfYa eres miembro?\u00a0<a href=\"https:\/\/d3.sana.ai\/learn\" target=\"_blank\" rel=\"noreferrer noopener\">Inicia sesi\u00f3n aqu\u00ed.<\/a><\/em><\/p>\n<\/div>\n<\/div>\n<\/div>\n","protected":false},"excerpt":{"rendered":"<p>Fundamentos de IA&nbsp;proporciona una base s\u00f3lida para comprender las principales ramas de la inteligencia artificial\u2014predictiva, generativa y ag\u00e9ntica\u2014y sus aplicaciones en el mundo empresarial. A trav\u00e9s de&nbsp;ejercicios pr\u00e1cticos,&nbsp;casos de uso reales&nbsp;y&nbsp;perspectivas basadas en la investigaci\u00f3n, estos m\u00f3dulos preparan a los profesionales con las habilidades necesarias para&nbsp;evaluar, aplicar y supervisar sistemas de IA, desarrollando la confianza [&hellip;]<\/p>\n","protected":false},"author":19383,"featured_media":0,"parent":4,"menu_order":0,"comment_status":"closed","ping_status":"closed","template":"","meta":{"_trash_the_other_posts":false,"rkv_hide_featured_image":false,"rkv_hide_page_title":false,"rkv_hide_abstract_shapes":true,"rkv_reduce_header":false,"hbsd3_featured_media_url":"","hbsd3_featured_media_url_autoplay":false,"editor_notices":[],"footnotes":""},"class_list":["post-54","page","type-page","status-publish","hentry"],"_links":{"self":[{"href":"https:\/\/d3.harvard.edu\/preparate-para-el-futuro-con-ia\/wp-json\/wp\/v2\/pages\/54","targetHints":{"allow":["GET"]}}],"collection":[{"href":"https:\/\/d3.harvard.edu\/preparate-para-el-futuro-con-ia\/wp-json\/wp\/v2\/pages"}],"about":[{"href":"https:\/\/d3.harvard.edu\/preparate-para-el-futuro-con-ia\/wp-json\/wp\/v2\/types\/page"}],"author":[{"embeddable":true,"href":"https:\/\/d3.harvard.edu\/preparate-para-el-futuro-con-ia\/wp-json\/wp\/v2\/users\/19383"}],"replies":[{"embeddable":true,"href":"https:\/\/d3.harvard.edu\/preparate-para-el-futuro-con-ia\/wp-json\/wp\/v2\/comments?post=54"}],"version-history":[{"count":18,"href":"https:\/\/d3.harvard.edu\/preparate-para-el-futuro-con-ia\/wp-json\/wp\/v2\/pages\/54\/revisions"}],"predecessor-version":[{"id":354,"href":"https:\/\/d3.harvard.edu\/preparate-para-el-futuro-con-ia\/wp-json\/wp\/v2\/pages\/54\/revisions\/354"}],"up":[{"embeddable":true,"href":"https:\/\/d3.harvard.edu\/preparate-para-el-futuro-con-ia\/wp-json\/wp\/v2\/pages\/4"}],"wp:attachment":[{"href":"https:\/\/d3.harvard.edu\/preparate-para-el-futuro-con-ia\/wp-json\/wp\/v2\/media?parent=54"}],"curies":[{"name":"wp","href":"https:\/\/api.w.org\/{rel}","templated":true}]}}