  {"id":51,"date":"2025-07-24T15:00:05","date_gmt":"2025-07-24T15:00:05","guid":{"rendered":"https:\/\/d3.harvard.edu\/learning-portal\/?page_id=51"},"modified":"2025-11-25T20:24:44","modified_gmt":"2025-11-25T20:24:44","slug":"home","status":"publish","type":"page","link":"https:\/\/d3.harvard.edu\/preparate-para-el-futuro-con-ia\/","title":{"rendered":"Home"},"content":{"rendered":"\n<div class=\"wp-block-cover alignfull has-white-color has-text-color has-link-color wp-elements-048d6d499654191831d58f9f09747736\"><img decoding=\"async\" class=\"wp-block-cover__image-background wp-image-207\" alt=\"\" src=\"http:\/\/d3.harvard.edu\/future-proof-with-ai\/wp-content\/uploads\/sites\/42\/2025\/08\/B2c-badge-3.png\" data-object-fit=\"cover\" \/><span aria-hidden=\"true\" class=\"wp-block-cover__background has-background-dim\"><\/span><div class=\"wp-block-cover__inner-container is-layout-constrained wp-block-cover-is-layout-constrained\">\n<h1 class=\"wp-block-heading has-text-align-center\"><strong>Transforma Tu D\u00eda de Trabajo<\/strong><\/h1>\n\n\n\n<p class=\"has-text-align-center\"><strong>Domina c\u00f3mo usar la IA en tu trabajo diario y genera impacto en tu organizaci\u00f3n con<br><strong><strong><em>Futuro con IA<\/em><\/strong><\/strong>. Accede a m\u00f3dulos de aprendizaje on-demand, sesiones dirigidas por expertos y conocimientos de ÐÔÊÓ½ç que te ayudar\u00e1n a aplicar la IA a desaf\u00edos empresariales reales\u2014\u00fanete hoy para tener acceso hasta septiembre de 2026.<\/strong><\/p>\n\n\n\n<div class=\"wp-block-buttons is-content-justification-center is-layout-flex wp-container-core-buttons-is-layout-a89b3969 wp-block-buttons-is-layout-flex\">\n<div class=\"wp-block-button is-style-fill\"><a class=\"wp-block-button__link has-darker-color has-lightest-background-color has-text-color has-background has-link-color wp-element-button\" href=\"https:\/\/cvent.me\/zY931w\"><strong>Reg\u00edstrate<\/strong><\/a><\/div>\n<\/div>\n\n\n\n<p class=\"has-text-align-center\"><em>\u00bfYa eres miembro?&nbsp;<a href=\"https:\/\/d3.sana.ai\/learn\" target=\"_blank\" rel=\"noreferrer noopener\">Inicia sesi\u00f3n aqu\u00ed.<\/a><\/em><\/p>\n<\/div><\/div>\n\n\n\n<div class=\"wp-block-group alignfull has-white-to-light-grey-gradient-background has-background is-layout-constrained wp-block-group-is-layout-constrained\">\n<div class=\"wp-block-columns alignwide is-layout-flex wp-container-core-columns-is-layout-28f84493 wp-block-columns-is-layout-flex\">\n<div class=\"wp-block-column is-column-layout-space-between is-layout-flow wp-block-column-is-layout-flow\" style=\"flex-basis:995px\">\n<div class=\"wp-block-group statement-group-variation is-layout-constrained wp-block-group-is-layout-constrained\">\n<figure class=\"wp-block-image size-full\"><img decoding=\"async\" src=\"https:\/\/d3.harvard.edu\/future-proof-with-ai\/wp-content\/uploads\/sites\/42\/2025\/08\/B2c-badge-2.png\" alt=\"\" class=\"wp-image-204\" \/><\/figure>\n<\/div>\n<\/div>\n\n\n\n<div class=\"wp-block-column is-column-layout-space-between is-layout-flow wp-block-column-is-layout-flow\" style=\"flex-basis:995px\">\n<div class=\"wp-block-group statement-group-variation is-style-default is-layout-constrained wp-block-group-is-layout-constrained\">\n<h2 class=\"wp-block-heading has-huge-font-size\"><strong>Rutas de Aprendizaje<\/strong><\/h2>\n\n\n\n<p class=\"has-medium-font-size\"><br>Las Rutas de Aprendizaje son experiencias estructuradas de aprendizaje de D^3, dise\u00f1adas para ayudar a los profesionales a desarrollar confianza y capacidad en la aplicaci\u00f3n de la IA. A trav\u00e9s de m\u00f3dulos guiados y ejercicios pr\u00e1cticos, combinamos perspectivas basadas en la investigaci\u00f3n con aplicaciones pr\u00e1cticas adaptadas para lograr un impacto en el mundo real.<\/p>\n\n\n\n<p class=\"has-medium-font-size\">A lo largo del recorrido, puedes obtener&nbsp;<strong>Insignias de Finalizaci\u00f3n<\/strong>&nbsp;para mostrar tu progreso en LinkedIn, as\u00ed como&nbsp;<strong>Insignias de Habilidades<\/strong>&nbsp;que reconocen un dominio m\u00e1s profundo mediante logros \u00fanicos dentro de la plataforma y participaci\u00f3n en la&nbsp;<strong>tabla de clasificaci\u00f3n de habilidades<\/strong>.<\/p>\n\n\n\n<div class=\"wp-block-buttons is-layout-flex wp-block-buttons-is-layout-flex\">\n<div class=\"wp-block-button is-style-arrow\"><a class=\"wp-block-button__link has-primary-color has-text-color has-link-color has-medium-font-size has-custom-font-size wp-element-button\" href=\"https:\/\/d3.harvard.edu\/preparate-para-el-futuro-con-ia\/rutas-de-aprendizaje\/descripcion-general\/\">Explorar Rutas de Aprendizaje<\/a><\/div>\n<\/div>\n<\/div>\n<\/div>\n<\/div>\n<\/div>\n\n\n\n<div class=\"wp-block-group alignfull has-white-to-light-grey-gradient-background has-background is-layout-constrained wp-block-group-is-layout-constrained\">\n<div class=\"wp-block-columns alignwide is-layout-flex wp-container-core-columns-is-layout-28f84493 wp-block-columns-is-layout-flex\">\n<div class=\"wp-block-column is-column-layout-space-between is-layout-flow wp-block-column-is-layout-flow\" style=\"flex-basis:995px\">\n<div class=\"wp-block-group statement-group-variation is-layout-constrained wp-block-group-is-layout-constrained\">\n<figure class=\"wp-block-image size-full\"><img decoding=\"async\" src=\"https:\/\/d3.harvard.edu\/future-proof-with-ai\/wp-content\/uploads\/sites\/42\/2025\/08\/newsomsnapshot1.png\" alt=\"\" class=\"wp-image-220\" \/><\/figure>\n<\/div>\n<\/div>\n\n\n\n<div class=\"wp-block-column is-column-layout-space-between is-layout-flow wp-block-column-is-layout-flow\" style=\"flex-basis:995px\">\n<div class=\"wp-block-group statement-group-variation is-style-default is-layout-constrained wp-block-group-is-layout-constrained\">\n<h2 class=\"wp-block-heading has-huge-font-size\"><strong>Perspectivas<\/strong><\/h2>\n\n\n\n<p class=\"has-medium-font-size\"><br>L<strong>as&nbsp;Perspectivas<\/strong>&nbsp;re\u00fanen&nbsp;diversas formas de aprendizaje de la comunidad de D^3. A trav\u00e9s de eventos, conversaciones y art\u00edculos de opini\u00f3n, destacamos c\u00f3mo D^3 est\u00e1 dando forma al futuro de la IA en los negocios y la sociedad. Estos recursos ofrecen puntos de entrada accesibles a investigaciones y pr\u00e1cticas de vanguardia, conectando ideas y teor\u00edas con aplicaciones en el mundo real.<\/p>\n\n\n\n<div class=\"wp-block-buttons is-layout-flex wp-block-buttons-is-layout-flex\">\n<div class=\"wp-block-button is-style-arrow\"><a class=\"wp-block-button__link has-primary-color has-text-color has-link-color has-medium-font-size has-custom-font-size wp-element-button\" href=\"https:\/\/d3.harvard.edu\/preparate-para-el-futuro-con-ia\/perspectivas\/\">Explorar Perspectivas<\/a><\/div>\n<\/div>\n<\/div>\n<\/div>\n<\/div>\n<\/div>\n\n\n\n<div class=\"wp-block-group alignfull has-light-to-dark-77deg-gradient-background has-background is-layout-constrained wp-block-group-is-layout-constrained\" style=\"margin-top:var(--wp--preset--spacing--200);padding-top:var(--wp--preset--spacing--600)\">\n<h2 class=\"wp-block-heading\"><strong>\u00danete Ahora<\/strong><\/h2>\n\n\n\n<div class=\"wp-block-columns is-layout-flex wp-container-core-columns-is-layout-28f84493 wp-block-columns-is-layout-flex\">\n<div class=\"wp-block-column is-layout-flow wp-block-column-is-layout-flow\">\n<p>Aprovecha toda la experiencia de<em>&nbsp;<strong>Prep\u00e1rate para el Futuro con IA<\/strong>&nbsp;<\/em>hasta el&nbsp;<strong>28 de septiembre de 2026<\/strong>&nbsp;por un precio total de&nbsp;<strong>$279<\/strong>. Desbloquea tu potencial individual y empresarial, y eleva tu forma de trabajar con&nbsp;D^3.<\/p>\n\n\n\n<p><\/p>\n\n\n\n<div class=\"wp-block-buttons is-layout-flex wp-block-buttons-is-layout-flex\">\n<div class=\"wp-block-button is-style-arrow\"><a class=\"wp-block-button__link has-black-color has-text-color has-link-color wp-element-button\" href=\"https:\/\/cvent.me\/zY931w\"><strong>Reg\u00edstrate<\/strong><\/a><\/div>\n<\/div>\n\n\n\n<p class=\"has-text-align-left has-black-color has-text-color has-link-color wp-elements-0618ec69e74771d6eb32f10c4b83994d\"><em>\u00bfYa eres miembro?&nbsp;<a href=\"https:\/\/d3.sana.ai\/learn\" target=\"_blank\" rel=\"noreferrer noopener\">Inicia sesi\u00f3n aqu\u00ed.<\/a><\/em><\/p>\n<\/div>\n<\/div>\n<\/div>\n","protected":false},"excerpt":{"rendered":"<p>Rutas de Aprendizaje Las Rutas de Aprendizaje son experiencias estructuradas de aprendizaje de D^3, dise\u00f1adas para ayudar a los profesionales a desarrollar confianza y capacidad en la aplicaci\u00f3n de la IA. A trav\u00e9s de m\u00f3dulos guiados y ejercicios pr\u00e1cticos, combinamos perspectivas basadas en la investigaci\u00f3n con aplicaciones pr\u00e1cticas adaptadas para lograr un impacto en el [&hellip;]<\/p>\n","protected":false},"author":19383,"featured_media":0,"parent":0,"menu_order":0,"comment_status":"closed","ping_status":"closed","template":"","meta":{"_trash_the_other_posts":false,"rkv_hide_featured_image":false,"rkv_hide_page_title":true,"rkv_hide_abstract_shapes":true,"rkv_reduce_header":false,"hbsd3_featured_media_url":"","hbsd3_featured_media_url_autoplay":false,"editor_notices":[],"footnotes":""},"class_list":["post-51","page","type-page","status-publish","hentry","rkv-page-title-is-hidden"],"_links":{"self":[{"href":"https:\/\/d3.harvard.edu\/preparate-para-el-futuro-con-ia\/wp-json\/wp\/v2\/pages\/51","targetHints":{"allow":["GET"]}}],"collection":[{"href":"https:\/\/d3.harvard.edu\/preparate-para-el-futuro-con-ia\/wp-json\/wp\/v2\/pages"}],"about":[{"href":"https:\/\/d3.harvard.edu\/preparate-para-el-futuro-con-ia\/wp-json\/wp\/v2\/types\/page"}],"author":[{"embeddable":true,"href":"https:\/\/d3.harvard.edu\/preparate-para-el-futuro-con-ia\/wp-json\/wp\/v2\/users\/19383"}],"replies":[{"embeddable":true,"href":"https:\/\/d3.harvard.edu\/preparate-para-el-futuro-con-ia\/wp-json\/wp\/v2\/comments?post=51"}],"version-history":[{"count":21,"href":"https:\/\/d3.harvard.edu\/preparate-para-el-futuro-con-ia\/wp-json\/wp\/v2\/pages\/51\/revisions"}],"predecessor-version":[{"id":351,"href":"https:\/\/d3.harvard.edu\/preparate-para-el-futuro-con-ia\/wp-json\/wp\/v2\/pages\/51\/revisions\/351"}],"wp:attachment":[{"href":"https:\/\/d3.harvard.edu\/preparate-para-el-futuro-con-ia\/wp-json\/wp\/v2\/media?parent=51"}],"curies":[{"name":"wp","href":"https:\/\/api.w.org\/{rel}","templated":true}]}}