  {"id":5,"date":"2025-07-22T21:09:26","date_gmt":"2025-07-22T21:09:26","guid":{"rendered":"https:\/\/d3.harvard.edu\/learning-portal\/?page_id=5"},"modified":"2026-01-07T16:41:22","modified_gmt":"2026-01-07T16:41:22","slug":"preguntas-frecuentes-faq","status":"publish","type":"page","link":"https:\/\/d3.harvard.edu\/preparate-para-el-futuro-con-ia\/preguntas-frecuentes-faq\/","title":{"rendered":"Preguntas Frecuentes\u00a0(FAQ)"},"content":{"rendered":"\n<h4 class=\"wp-block-heading\"><strong>1.<strong>\u00bfCu\u00e1nto cuesta <em>Prep\u00e1rate para el Futuro<\/em> con IA?<\/strong><\/strong><\/h4>\n\n\n\n<p>El acceso a&nbsp;<em>Prep\u00e1rate para el Futuro con IA<\/em>&nbsp;est\u00e1 disponible por una&nbsp;tarifa \u00fanica de <strong>$279<\/strong>, lo que incluye&nbsp;todo el contenido actual y futuro&nbsp;hasta el&nbsp;<strong>28 de septiembre de 2026<\/strong>.<\/p>\n\n\n\n<hr class=\"wp-block-separator has-alpha-channel-opacity\" style=\"margin-top:var(--wp--preset--spacing--250);margin-bottom:var(--wp--preset--spacing--250)\" \/>\n\n\n\n<h4 class=\"wp-block-heading\"><strong>2. <strong>\u00bfCu\u00e1nto tiempo tendr\u00e9 acceso al contenido?<\/strong><\/strong><\/h4>\n\n\n\n<p>Tendr\u00e1s acceso al contenido hasta el&nbsp;<strong>28 de septiembre de 2026<\/strong>. Durante este per\u00edodo, podr\u00e1s acceder de forma continua a&nbsp;todo el contenido, incluidas las&nbsp;nuevas publicaciones.<\/p>\n\n\n\n<p>Una vez que finalice tu acceso, conservar\u00e1s todas las&nbsp;insignias digitales&nbsp;que hayas obtenido. Aseg\u00farate de&nbsp;descargarlas antes de que expire tu suscripci\u00f3n. Una vez descargadas, las insignias son tuyas para compartir y mostrar de forma permanente.<\/p>\n\n\n\n<h5 class=\"wp-block-heading\"><strong><strong>\u00bfHabr\u00e1 opciones de renovaci\u00f3n?<\/strong><\/strong><\/h5>\n\n\n\n<p>\u00a1S\u00ed! Las opciones de renovaci\u00f3n se compartir\u00e1n antes de que finalice tu per\u00edodo de acceso.<\/p>\n\n\n\n<hr class=\"wp-block-separator has-alpha-channel-opacity\" style=\"margin-top:var(--wp--preset--spacing--250);margin-bottom:var(--wp--preset--spacing--250)\" \/>\n\n\n\n<h4 class=\"wp-block-heading\"><strong>3. <strong>\u00bfLos m\u00f3dulos son en vivo o bajo demanda?<\/strong><\/strong><\/h4>\n\n\n\n<p><em>Prep\u00e1rate para el Futuro con IA<\/em>&nbsp;va m\u00e1s all\u00e1 de los cursos tradicionales. Tu acceso incluye:<\/p>\n\n\n\n<ul class=\"wp-block-list\">\n<li><strong>M\u00f3dulos de aprendizaje bajo demanda<\/strong>&nbsp;organizados en tres categor\u00edas \u2014&nbsp;<em>Fundamentos de IA<\/em>,&nbsp;<em>IA + Funciones Organizacionales<\/em>&nbsp;e&nbsp;<em>IA + Liderazgo y Gesti\u00f3n<\/em>&nbsp;\u2014 con insignias disponibles para cada uno&nbsp;(los&nbsp;m\u00f3dulos toman entre&nbsp;<strong>1.5 y 3 horas<\/strong>&nbsp;para completarse).<\/li>\n\n\n\n<li><strong>Sesiones en vivo<\/strong>&nbsp;con profesores de 性视界 y ejecutivos s\u00e9nior&nbsp;(exclusivas&nbsp;para suscriptores).<\/li>\n\n\n\n<li>Una biblioteca en crecimiento de&nbsp;<strong>art\u00edculos curados y archivos de eventos<\/strong>, basados en investigaci\u00f3n acad\u00e9mica con aplicaciones pr\u00e1cticas para la estrategia y operaciones empresariales.<\/li>\n\n\n\n<li><strong>Conversaciones<\/strong>&nbsp;que destacan ideas clave a trav\u00e9s de entrevistas, p\u00f3dcasts y videos con profesores de HBS y afiliados de D^3 en 性视界.<\/li>\n<\/ul>\n\n\n\n<hr class=\"wp-block-separator has-alpha-channel-opacity\" style=\"margin-top:var(--wp--preset--spacing--250);margin-bottom:var(--wp--preset--spacing--250)\" \/>\n\n\n\n<h4 class=\"wp-block-heading\"><strong>4. \u200b\u200b<strong>\u00bfHay sesiones o eventos en vivo?<\/strong><\/strong><\/h4>\n\n\n\n<p>La mayor\u00eda del contenido es&nbsp;<strong>asincr\u00f3nico y bajo demanda<\/strong>, dise\u00f1ado especialmente para profesionales con agendas ocupadas.<\/p>\n\n\n\n<p>Sin embargo, los&nbsp;suscriptores tambi\u00e9n tienen acceso exclusivo&nbsp;a&nbsp;seminarios web en vivo y conversaciones en l\u00edneacon profesores de 性视界 y expertos de la industria. Estas sesiones&nbsp;no estar\u00e1n disponibles p\u00fablicamente fuera de la plataforma de&nbsp;<em>Prep\u00e1rate para el Futuro con IA<\/em>.<\/p>\n\n\n\n<hr class=\"wp-block-separator has-alpha-channel-opacity\" style=\"margin-top:var(--wp--preset--spacing--250);margin-bottom:var(--wp--preset--spacing--250)\" \/>\n\n\n\n<h4 class=\"wp-block-heading\"><strong>5. <strong>\u00bfNecesito experiencia t\u00e9cnica o conocimientos de programaci\u00f3n?<\/strong><\/strong><\/h4>\n\n\n\n<p>\u00a1No se requiere experiencia t\u00e9cnica!<\/p>\n\n\n\n<p><em>Prep\u00e1rate para el Futuro con IA<\/em>&nbsp;est\u00e1 dise\u00f1ado para profesionales de&nbsp;todas las funciones y sectores, con un enfoque en&nbsp;aplicaciones pr\u00e1cticas y reales&nbsp;de la inteligencia artificial.<\/p>\n\n\n\n<hr class=\"wp-block-separator has-alpha-channel-opacity\" style=\"margin-top:var(--wp--preset--spacing--250);margin-bottom:var(--wp--preset--spacing--250)\" \/>\n\n\n\n<h4 class=\"wp-block-heading\"><strong>6. <strong>\u00bfEn qu\u00e9 idiomas est\u00e1 disponible el contenido?<\/strong><\/strong><\/h4>\n\n\n\n<p>Nuestros&nbsp;m\u00f3dulos de aprendizaje&nbsp;(Rutas&nbsp;de Aprendizaje)&nbsp;est\u00e1n disponibles en&nbsp;ingl\u00e9s y espa\u00f1ol. Nuestros contenidos de&nbsp;Perspectivas&nbsp;(art\u00edculos,&nbsp;conversaciones y eventos) est\u00e1n disponibles en&nbsp;ingl\u00e9s.<\/p>\n\n\n\n<hr class=\"wp-block-separator has-alpha-channel-opacity\" style=\"margin-top:var(--wp--preset--spacing--250);margin-bottom:var(--wp--preset--spacing--250)\" \/>\n\n\n\n<h4 class=\"wp-block-heading\"><strong>7. <strong>\u00bfPuedo comprar un solo m\u00f3dulo, como&nbsp;<em>Fundamentos de IA Ag\u00e9ntica<\/em>&nbsp;o&nbsp;<em>IA Aplicable en Estrategia<\/em>?<\/strong><\/strong><\/h4>\n\n\n\n<p>No, actualmente&nbsp;no es posible adquirir m\u00f3dulos individuales.<\/p>\n\n\n\n<p>Al suscribirte, obtienes&nbsp;acceso completo a todos los m\u00f3dulos de aprendizaje, as\u00ed como a contenido adicional en vivo y bajo demanda, hasta el&nbsp;28 de septiembre de 2026.<\/p>\n\n\n\n<hr class=\"wp-block-separator has-alpha-channel-opacity\" style=\"margin-top:var(--wp--preset--spacing--250);margin-bottom:var(--wp--preset--spacing--250)\" \/>\n\n\n\n<h4 class=\"wp-block-heading\"><strong>8. <strong>\u00bfPuedo compartir mi progreso o mis insignias en LinkedIn?<\/strong><\/strong><\/h4>\n\n\n\n<p>\u00a1Por supuesto! Al completar cada m\u00f3dulo, obtendr\u00e1s una&nbsp;<strong>insignia digital verificada<\/strong>. Te animamos a compartir tus logros en&nbsp;LinkedIn&nbsp;y otras plataformas profesionales.<\/p>\n\n\n\n<hr class=\"wp-block-separator has-alpha-channel-opacity\" style=\"margin-top:var(--wp--preset--spacing--250);margin-bottom:var(--wp--preset--spacing--250)\" \/>\n\n\n\n<h4 class=\"wp-block-heading\"><strong>9. <strong>\u00bfExisten descuentos para estudiantes o instituciones?<\/strong><\/strong><\/h4>\n\n\n\n<p>Actualmente&nbsp;no ofrecemos descuentos espec\u00edficos&nbsp;para estudiantes o personal, pero&nbsp;hay oportunidades de precios especiales disponibles peri\u00f3dicamente.<\/p>\n\n\n\n<p>Algunos participantes tambi\u00e9n pueden ser&nbsp;elegibles para reembolsos por capacitaci\u00f3n a trav\u00e9s de su instituci\u00f3n\u2014te recomendamos consultar con tu organizaci\u00f3n.<\/p>\n\n\n\n<p>Para precios corporativos por volumen, comun\u00edcate con nosotros en:&nbsp;<a target=\"_blank\" href=\"mailto:d3_alliances@harvard.edu\" rel=\"noreferrer noopener\"><strong>d3_alliances@harvard.edu<\/strong><\/a>.<\/p>\n\n\n\n<hr class=\"wp-block-separator has-alpha-channel-opacity\" style=\"margin-top:var(--wp--preset--spacing--250);margin-bottom:var(--wp--preset--spacing--250)\" \/>\n\n\n\n<h4 class=\"wp-block-heading\"><strong>10. <strong>\u00bfQu\u00e9 hace que\u00a0<em>Prep\u00e1rate para el Futuro con IA<\/em>\u00a0sea diferente de otros cursos de IA?<\/strong><\/strong><\/h4>\n\n\n\n<p><em>Prep\u00e1rate para el Futuro con IA<\/em>&nbsp;est\u00e1 dise\u00f1ado para ser&nbsp;<strong>pr\u00e1ctico, r\u00e1pido y aplicable<\/strong>. Se distingue porque:<\/p>\n\n\n\n<ul class=\"wp-block-list\">\n<li>Est\u00e1 basado en&nbsp;<strong>investigaci\u00f3n acad\u00e9mica de vanguardia<\/strong>, no en tendencias pasajeras o exageraciones.<\/li>\n\n\n\n<li>Traduce la investigaci\u00f3n en&nbsp;<strong>lecciones claras y pr\u00e1cticas<\/strong>&nbsp;para el mundo empresarial y organizacional.<\/li>\n\n\n\n<li>Se enfoca en&nbsp;<strong>desaf\u00edos reales de negocio<\/strong>, lo que hace que el aprendizaje sea directamente relevante para tu trabajo diario.<\/li>\n\n\n\n<li>Est\u00e1 pensado para&nbsp;<strong>aprendices de todos los niveles<\/strong>.<\/li>\n\n\n\n<li>Te da acceso directo al&nbsp;<strong>liderazgo intelectual de D^3<\/strong>&nbsp;a medida que se genera.<\/li>\n<\/ul>\n\n\n\n<hr class=\"wp-block-separator has-alpha-channel-opacity\" style=\"margin-top:var(--wp--preset--spacing--250);margin-bottom:var(--wp--preset--spacing--250)\" \/>\n\n\n\n<h4 class=\"wp-block-heading\"><strong>11. <strong>\u00bfC\u00f3mo puedo inscribirme?<\/strong><\/strong><\/h4>\n\n\n\n<p>Puedes inscribirte directamente a trav\u00e9s de&nbsp;<strong><a href=\"https:\/\/cvent.me\/zY931w\">este enlace<\/a><\/strong>.<\/p>\n\n\n\n<hr class=\"wp-block-separator has-alpha-channel-opacity\" style=\"margin-top:var(--wp--preset--spacing--250);margin-bottom:var(--wp--preset--spacing--250)\" \/>\n\n\n\n<h4 class=\"wp-block-heading\"><strong>12. <strong>\u00bfPuedo registrarme si estoy fuera de los EE. UU.?<\/strong><\/strong><\/h4>\n\n\n\n<p>\u00a1S\u00ed! Los m\u00f3dulos de aprendizaje son completamente&nbsp;bajo demanda&nbsp;y est\u00e1n disponibles a nivel&nbsp;global, con participantes de todo el mundo. Adem\u00e1s del contenido bajo demanda, tambi\u00e9n tendr\u00e1s acceso a sesiones y eventos en vivo, los cuales se realizan&nbsp;virtualmente, para que puedas unirte&nbsp;desde cualquier lugar.<\/p>\n\n\n\n<hr class=\"wp-block-separator has-alpha-channel-opacity\" style=\"margin-top:var(--wp--preset--spacing--250);margin-bottom:var(--wp--preset--spacing--250)\" \/>\n\n\n\n<h4 class=\"wp-block-heading\"><strong>13. <strong>Tuve problemas al realizar el pago. \u00bfQu\u00e9 debo hacer?<\/strong><\/strong><\/h4>\n\n\n\n<p>Si tu pago fue rechazado, por favor intenta nuevamente y aseg\u00farate de:<\/p>\n\n\n\n<ul class=\"wp-block-list\">\n<li>Ingresar toda la informaci\u00f3n de facturaci\u00f3n correctamente,&nbsp;<strong>sin espacios adicionales<\/strong><\/li>\n\n\n\n<li><strong>Borrar la cach\u00e9 de tu navegador<\/strong><\/li>\n\n\n\n<li>Probar con&nbsp;<strong>otro navegador<\/strong>&nbsp;o utilizar una&nbsp;<strong>ventana de inc\u00f3gnito\/privada<\/strong><\/li>\n<\/ul>\n\n\n\n<p>Si el problema persiste, no dudes en escribirnos a&nbsp;<a target=\"_blank\" href=\"mailto:d3ie@hbs.edu\" rel=\"noreferrer noopener\"><strong>d3ie@hbs.edu<\/strong><\/a>. \u00a1Estamos aqu\u00ed para ayudarte!<\/p>\n\n\n\n<hr class=\"wp-block-separator has-alpha-channel-opacity\" style=\"margin-top:var(--wp--preset--spacing--250);margin-bottom:var(--wp--preset--spacing--250)\" \/>\n\n\n\n<h4 class=\"wp-block-heading\"><strong>14.<\/strong> <strong><strong>Me registr\u00e9 pero no he recibido el correo de confirmaci\u00f3n. \u00bfQu\u00e9 debo hacer?<\/strong><\/strong><\/h4>\n\n\n\n<p>Revisa tu carpeta de&nbsp;<strong>spam o correo no deseado<\/strong>&nbsp;en busca de un mensaje enviado desde&nbsp;<a target=\"_blank\" href=\"mailto:learning@d3.email.hbs.edu\" rel=\"noreferrer noopener\"><strong>learning@d3.email.hbs.edu<\/strong><\/a>.<\/p>\n\n\n\n<p>\u00bfA\u00fan no aparece? No te preocupes\u2014simplemente escr\u00edbenos a&nbsp;<a target=\"_blank\" href=\"mailto:d3ie@hbs.edu\" rel=\"noreferrer noopener\"><strong>d3ie@hbs.edu<\/strong><\/a>. Con gusto confirmaremos tu registro y volveremos a enviarte la invitaci\u00f3n.<\/p>\n\n\n\n<hr class=\"wp-block-separator has-alpha-channel-opacity\" style=\"margin-top:var(--wp--preset--spacing--250);margin-bottom:var(--wp--preset--spacing--250)\" \/>\n\n\n\n<h4 class=\"wp-block-heading\"><strong>15. <strong>Mi enlace de invitaci\u00f3n dice que ha expirado. \u00bfQu\u00e9 debo hacer?<\/strong><\/strong><\/h4>\n\n\n\n<p>Los enlaces de invitaci\u00f3n tienen un&nbsp;<strong>tiempo de validez limitado<\/strong>. Si el tuyo ha expirado, por favor&nbsp;escr\u00edbenos a&nbsp;<a href=\"mailto:d3ie@hbs.edu\" target=\"_blank\" rel=\"noreferrer noopener\"><strong>d3ie@hbs.edu<\/strong><\/a>&nbsp;y con gusto te enviaremos uno nuevo. Tambi\u00e9n te recomendamos&nbsp;borrar la cach\u00e9 de tu navegador&nbsp;antes de hacer clic en el nuevo enlace.<\/p>\n\n\n\n<hr class=\"wp-block-separator has-alpha-channel-opacity\" style=\"margin-top:var(--wp--preset--spacing--250);margin-bottom:var(--wp--preset--spacing--250)\" \/>\n\n\n\n<h4 class=\"wp-block-heading\"><strong>16.<strong> \u00bfC\u00f3mo vuelvo a iniciar sesi\u00f3n despu\u00e9s de registrarme?<\/strong><\/strong><\/h4>\n\n\n\n<p>Visita&nbsp;<a href=\"https:\/\/d3.sana.ai\/\" target=\"_blank\" rel=\"noreferrer noopener\"><strong>https:\/\/d3.sana.ai<\/strong><\/a>&nbsp;e&nbsp;<strong>inicia sesi\u00f3n con el correo electr\u00f3nico<\/strong>&nbsp;que usaste al registrarte. Si olvidaste tu contrase\u00f1a, haz clic en&nbsp;<strong>&#8220;Forgot&nbsp;password&#8221;&nbsp;<\/strong>(Olvid\u00e9&nbsp;mi contrase\u00f1a)&nbsp;para restablecerla.<\/p>\n\n\n\n<hr class=\"wp-block-separator has-alpha-channel-opacity\" style=\"margin-top:var(--wp--preset--spacing--250);margin-bottom:var(--wp--preset--spacing--250)\" \/>\n\n\n\n<h4 class=\"wp-block-heading\"><strong>17. <strong>No puedo acceder a un m\u00f3dulo que ya complet\u00e9. \u00bfPuedo volver a revisarlo?<\/strong><\/strong><\/h4>\n\n\n\n<p>\u00a1S\u00ed! Ve a&nbsp;<strong>Mi Biblioteca<\/strong>, coloca el cursor sobre el m\u00f3dulo y haz clic en&nbsp;<strong>&#8220;Revisitar&#8221;<\/strong>.&nbsp;Luego, haz clic en&nbsp;<strong>&#8220;Revisar&#8221;<\/strong>&nbsp;en la ruta de aprendizaje que deseas volver a ver. Si no ves la opci\u00f3n, intenta&nbsp;ampliar la ventana de tu navegador, ya que en ocasiones el bot\u00f3n del chat de soporte puede bloquearla<\/p>\n\n\n\n<hr class=\"wp-block-separator has-alpha-channel-opacity\" style=\"margin-top:var(--wp--preset--spacing--250);margin-bottom:var(--wp--preset--spacing--250)\" \/>\n\n\n\n<h4 class=\"wp-block-heading\"><strong>18.Complet\u00e9 los m\u00f3dulos de aprendizaje anteriores. \u00bfEn qu\u00e9 se diferencia esta nueva experiencia?<\/strong><\/h4>\n\n\n\n<p>La nueva experiencia de aprendizaje se expande significativamente en relaci\u00f3n con la oferta anterior&nbsp;(que&nbsp;inclu\u00eda 2 m\u00f3dulos fundamentales de IA y 6 m\u00f3dulos de IA + Funciones Organizacionales). Las nuevas&nbsp;<strong>Rutas de Aprendizaje(Pathways)<\/strong>&nbsp;incluyen ahora 3 m\u00f3dulos fundamentales de IA, todos los m\u00f3dulos de Funciones Organizacionales actualizados con una nueva ruta centrada en&nbsp;modelos ag\u00e9nticos y de razonamiento, una&nbsp;insignia de finalizaci\u00f3n nuevaen cada m\u00f3dulo, y una&nbsp;categor\u00eda completamente nueva enfocada en Liderazgo y Gesti\u00f3n. A lo largo del a\u00f1o, se seguir\u00e1n lanzando nuevos m\u00f3dulos y actualizaciones en estas tres categor\u00edas.<\/p>\n\n\n\n<p>Tambi\u00e9n se han&nbsp;incorporado&nbsp;<strong>Perspectivas<\/strong>, una experiencia de aprendizaje no estructurada que ofrece&nbsp;eventos en vivo en l\u00ednea,&nbsp;conversaciones&nbsp;(entrevistas&nbsp;y p\u00f3dcasts) y&nbsp;art\u00edculos de opini\u00f3n&nbsp;basados en la investigaci\u00f3n de D^3.&nbsp;Las&nbsp;Perspectivas ofrece nuevas formas de aprender y mantenerse actualizado sobre c\u00f3mo D^3 est\u00e1 dando forma al futuro de la IA en los negocios y la sociedad.<\/p>\n\n\n\n<p>Esta nueva etapa del programa es din\u00e1mica y evoluciona continuamente, con nuevas Rutas de Aprendizaje y Perspectivas que se ir\u00e1n sumando durante todo el a\u00f1o.<\/p>\n\n\n\n<hr class=\"wp-block-separator has-alpha-channel-opacity\" style=\"margin-top:var(--wp--preset--spacing--250);margin-bottom:var(--wp--preset--spacing--250)\" \/>\n\n\n\n<h4 class=\"wp-block-heading\"><strong>19.<strong>\u00bfA\u00fan tienes preguntas?<\/strong><\/strong><\/h4>\n\n\n\n<p>\u00a1Estamos encantados de ayudarte! Escr\u00edbenos en cualquier momento a&nbsp;<a href=\"mailto:d3ie@hbs.edu\" target=\"_blank\" rel=\"noreferrer noopener\"><strong>d3ie@hbs.edu<\/strong><\/a>.<\/p>\n\n\n\n<p><\/p>\n","protected":false},"excerpt":{"rendered":"<p>1.\u00bfCu\u00e1nto cuesta Prep\u00e1rate para el Futuro con IA? El acceso a&nbsp;Prep\u00e1rate para el Futuro con IA&nbsp;est\u00e1 disponible por una&nbsp;tarifa \u00fanica de $279, lo que incluye&nbsp;todo el contenido actual y futuro&nbsp;hasta el&nbsp;28 de septiembre de 2026. 2. \u00bfCu\u00e1nto tiempo tendr\u00e9 acceso al contenido? Tendr\u00e1s acceso al contenido hasta el&nbsp;28 de septiembre de 2026. Durante este per\u00edodo, [&hellip;]<\/p>\n","protected":false},"author":19413,"featured_media":0,"parent":0,"menu_order":0,"comment_status":"closed","ping_status":"closed","template":"","meta":{"_trash_the_other_posts":false,"rkv_hide_featured_image":false,"rkv_hide_page_title":false,"rkv_hide_abstract_shapes":true,"rkv_reduce_header":false,"hbsd3_featured_media_url":"","hbsd3_featured_media_url_autoplay":false,"editor_notices":[],"footnotes":""},"class_list":["post-5","page","type-page","status-publish","hentry"],"_links":{"self":[{"href":"https:\/\/d3.harvard.edu\/preparate-para-el-futuro-con-ia\/wp-json\/wp\/v2\/pages\/5","targetHints":{"allow":["GET"]}}],"collection":[{"href":"https:\/\/d3.harvard.edu\/preparate-para-el-futuro-con-ia\/wp-json\/wp\/v2\/pages"}],"about":[{"href":"https:\/\/d3.harvard.edu\/preparate-para-el-futuro-con-ia\/wp-json\/wp\/v2\/types\/page"}],"author":[{"embeddable":true,"href":"https:\/\/d3.harvard.edu\/preparate-para-el-futuro-con-ia\/wp-json\/wp\/v2\/users\/19413"}],"replies":[{"embeddable":true,"href":"https:\/\/d3.harvard.edu\/preparate-para-el-futuro-con-ia\/wp-json\/wp\/v2\/comments?post=5"}],"version-history":[{"count":19,"href":"https:\/\/d3.harvard.edu\/preparate-para-el-futuro-con-ia\/wp-json\/wp\/v2\/pages\/5\/revisions"}],"predecessor-version":[{"id":361,"href":"https:\/\/d3.harvard.edu\/preparate-para-el-futuro-con-ia\/wp-json\/wp\/v2\/pages\/5\/revisions\/361"}],"wp:attachment":[{"href":"https:\/\/d3.harvard.edu\/preparate-para-el-futuro-con-ia\/wp-json\/wp\/v2\/media?parent=5"}],"curies":[{"name":"wp","href":"https:\/\/api.w.org\/{rel}","templated":true}]}}