  {"id":117,"date":"2025-08-15T17:23:02","date_gmt":"2025-08-15T17:23:02","guid":{"rendered":"https:\/\/d3.harvard.edu\/learning-portal\/?page_id=117"},"modified":"2025-11-13T21:29:26","modified_gmt":"2025-11-13T21:29:26","slug":"descripcion-general","status":"publish","type":"page","link":"https:\/\/d3.harvard.edu\/preparate-para-el-futuro-con-ia\/rutas-de-aprendizaje\/descripcion-general\/","title":{"rendered":"Descripci\u00f3n General"},"content":{"rendered":"\n<div class=\"wp-block-group alignwide statement-group-variation is-style-default is-layout-constrained wp-block-group-is-layout-constrained\">\n<h2 class=\"wp-block-heading alignwide has-text-align-left has-medium-font-size\">Las Rutas de Aprendizaje son experiencias estructuradas de aprendizaje de D^3, dise\u00f1adas para ayudar a los profesionales a desarrollar confianza y capacidad en la aplicaci\u00f3n de la IA. A trav\u00e9s de m\u00f3dulos guiados y ejercicios pr\u00e1cticos, combinamos perspectivas basadas en la investigaci\u00f3n con aplicaciones pr\u00e1cticas adaptadas para lograr un impacto en el mundo real. A lo largo del recorrido, puedes obtener&nbsp;<strong>Insignias de Finalizaci\u00f3n<\/strong>&nbsp;para mostrar tu progreso en LinkedIn y&nbsp;<strong>Insignias de Habilidades<\/strong>&nbsp;que reconocen un dominio m\u00e1s profundo mediante logros \u00fanicos dentro de la plataforma y participaci\u00f3n en la&nbsp;<strong>tabla de clasificaci\u00f3n de habilidades<\/strong>.<br><\/h2>\n\n\n\n<h2 class=\"wp-block-heading alignwide has-text-align-left has-medium-font-size\">Organizadas en tres \u00e1reas de enfoque&nbsp;\u2014<strong>Fundamentos<\/strong><strong>&nbsp;de IA<\/strong>,&nbsp;<strong>IA + Funciones Organizacionales<\/strong>&nbsp;e&nbsp;<strong>IA + Liderazgo y Gesti\u00f3n<\/strong>\u2014 estas experiencias de aprendizaje ofrecen trayectorias personalizadas y flexibles para brindarte los conocimientos y habilidades necesarios para prosperar en un entorno laboral impulsado por la IA.<\/h2>\n<\/div>\n\n\n\n<div class=\"wp-block-group alignwide has-white-to-light-grey-gradient-background has-background is-layout-constrained wp-block-group-is-layout-constrained\" style=\"padding-top:var(--wp--preset--spacing--500);padding-bottom:var(--wp--preset--spacing--500)\">\n<h2 class=\"wp-block-heading alignwide has-text-align-left\"><strong>Fundamentos de IA<\/strong><\/h2>\n\n\n\n<div class=\"wp-block-media-text alignwide is-stacked-on-mobile\" style=\"grid-template-columns:32% auto\"><figure class=\"wp-block-media-text__media\"><img decoding=\"async\" src=\"https:\/\/d3.harvard.edu\/future-proof-with-ai\/wp-content\/uploads\/sites\/42\/2025\/09\/6-1024x576.png\" alt=\"\" class=\"wp-image-269 size-full\" \/><\/figure><div class=\"wp-block-media-text__content\">\n<p><strong>Fundamentos de IA<\/strong>&nbsp;proporciona una base s\u00f3lida para comprender las principales ramas de la inteligencia artificial\u2014<strong>predictiva, generativa y ag\u00e9ntica<\/strong>\u2014y sus aplicaciones en el mundo empresarial. A trav\u00e9s de&nbsp;<strong>ejercicios pr\u00e1cticos<\/strong>,&nbsp;<strong>casos de uso reales<\/strong>&nbsp;y&nbsp;<strong>perspectivas basadas en la investigaci\u00f3n<\/strong>, estos m\u00f3dulos preparan a los profesionales con las habilidades necesarias para&nbsp;<strong>evaluar, aplicar y supervisar sistemas de IA<\/strong>, desarrollando la confianza para aprovechar su potencial de manera&nbsp;<strong>responsable y eficaz<\/strong>&nbsp;en una amplia variedad de contextos organizacionales.<\/p>\n\n\n\n<div class=\"wp-block-buttons is-layout-flex wp-block-buttons-is-layout-flex\">\n<div class=\"wp-block-button\"><a class=\"wp-block-button__link wp-element-button\" href=\"https:\/\/d3.harvard.edu\/preparate-para-el-futuro-con-ia\/rutas-de-aprendizaje\/fundamentos-de-la-inteligencia-artificial\/\"><strong>Leer m\u00e1s<\/strong><\/a><\/div>\n<\/div>\n<\/div><\/div>\n<\/div>\n\n\n\n<div class=\"wp-block-group alignwide has-white-to-light-grey-gradient-background has-background is-layout-constrained wp-block-group-is-layout-constrained\" style=\"padding-top:var(--wp--preset--spacing--500);padding-bottom:var(--wp--preset--spacing--500)\">\n<h2 class=\"wp-block-heading alignwide has-text-align-left\"><strong>IA + Funciones Organizacionales<\/strong><\/h2>\n\n\n\n<div class=\"wp-block-media-text alignwide is-stacked-on-mobile\" style=\"grid-template-columns:33% auto\"><figure class=\"wp-block-media-text__media\"><img decoding=\"async\" src=\"https:\/\/d3.harvard.edu\/future-proof-with-ai\/wp-content\/uploads\/sites\/42\/2025\/09\/7-1024x576.png\" alt=\"\" class=\"wp-image-270 size-full\" \/><\/figure><div class=\"wp-block-media-text__content\">\n<p>En las funciones clave de una organizaci\u00f3n,&nbsp;<strong>Prep\u00e1rate para el Futuro con IA<\/strong>&nbsp;te brinda las herramientas que necesitas. Esta serie muestra c\u00f3mo la IA puede optimizar tu jornada laboral mediante&nbsp;<strong>modelos generativos<\/strong>&nbsp;que se encargan de tareas rutinarias, mientras que los&nbsp;<strong>sistemas de razonamiento y agentes inteligentes<\/strong>&nbsp;manejan flujos de trabajo complejos y de m\u00faltiples etapas. Con&nbsp;<strong>marcos pr\u00e1cticos<\/strong>&nbsp;y&nbsp;<strong>ejemplos del mundo real<\/strong>, estos m\u00f3dulos te permiten&nbsp;<strong>reimaginar c\u00f3mo se realiza el trabajo<\/strong>, liberando tiempo para generar un impacto de mayor valor.<\/p>\n\n\n\n<div class=\"wp-block-buttons is-layout-flex wp-block-buttons-is-layout-flex\">\n<div class=\"wp-block-button\"><a class=\"wp-block-button__link wp-element-button\" href=\"https:\/\/d3.harvard.edu\/preparate-para-el-futuro-con-ia\/rutas-de-aprendizaje\/ia-funciones-organizacionales\/\"><strong>Leer m\u00e1s<\/strong><\/a><\/div>\n<\/div>\n<\/div><\/div>\n<\/div>\n\n\n\n<div class=\"wp-block-group alignwide has-white-to-light-grey-gradient-background has-background is-layout-constrained wp-block-group-is-layout-constrained\" style=\"padding-top:var(--wp--preset--spacing--500);padding-bottom:var(--wp--preset--spacing--500)\">\n<h2 class=\"wp-block-heading alignwide has-text-align-left\"><strong>IA + Liderazgo y Gesti\u00f3n<\/strong><\/h2>\n\n\n\n<div class=\"wp-block-media-text alignwide is-stacked-on-mobile\" style=\"grid-template-columns:34% auto\"><figure class=\"wp-block-media-text__media\"><img decoding=\"async\" src=\"https:\/\/d3.harvard.edu\/future-proof-with-ai\/wp-content\/uploads\/sites\/42\/2025\/09\/8-1024x576.png\" alt=\"\" class=\"wp-image-271 size-full\" \/><\/figure><div class=\"wp-block-media-text__content\">\n<p>Ya sea que est\u00e9s dirigiendo la estrategia desde el nivel ejecutivo, gestionando equipos o liderando la entrega de productos,&nbsp;<strong>IA + Liderazgo y Gesti\u00f3n<\/strong>&nbsp;te prepara para liderar con confianza en un entorno laboral impulsado por la IA. Estos m\u00f3dulos muestran c\u00f3mo la&nbsp;<strong>IA generativa<\/strong>&nbsp;puede simplificar tareas de liderazgo, mientras que los&nbsp;<strong>sistemas de razonamiento e IA ag\u00e9ntica<\/strong>&nbsp;orquestan flujos de trabajo complejos. A trav\u00e9s de&nbsp;<strong>investigaci\u00f3n centrada en el liderazgo<\/strong>&nbsp;y&nbsp;<strong>perspectivas del mundo real<\/strong>, esta serie te ayuda a&nbsp;<strong>reimaginar procesos<\/strong>,&nbsp;<strong>tomar decisiones m\u00e1s precisas<\/strong>&nbsp;y&nbsp;<strong>enfocarte en el trabajo que realmente importa<\/strong>.<\/p>\n\n\n\n<div class=\"wp-block-buttons is-layout-flex wp-block-buttons-is-layout-flex\">\n<div class=\"wp-block-button\"><a class=\"wp-block-button__link wp-element-button\" href=\"https:\/\/d3.harvard.edu\/preparate-para-el-futuro-con-ia\/rutas-de-aprendizaje\/ia-liderazgo-y-gestion\/\"><strong>Leer m\u00e1s<\/strong><\/a><\/div>\n<\/div>\n<\/div><\/div>\n<\/div>\n\n\n\n<div class=\"wp-block-group alignfull has-light-to-dark-77deg-gradient-background has-background is-layout-constrained wp-block-group-is-layout-constrained\" style=\"margin-top:var(--wp--preset--spacing--200);padding-top:var(--wp--preset--spacing--600)\">\n<h2 class=\"wp-block-heading\"><strong>\u00danete Ahora<\/strong><\/h2>\n\n\n\n<div class=\"wp-block-columns is-layout-flex wp-container-core-columns-is-layout-28f84493 wp-block-columns-is-layout-flex\">\n<div class=\"wp-block-column is-layout-flow wp-block-column-is-layout-flow\">\n<p>Aprovecha toda la experiencia de&nbsp;<strong>Prep\u00e1rate para el Futuro con IA<\/strong>&nbsp;hasta el&nbsp;<strong>28 de septiembre de 2026<\/strong>&nbsp;por un precio total de&nbsp;<strong>$279<\/strong>. Desbloquea tu potencial individual y empresarial, y eleva tu forma de trabajar con&nbsp;D^3.<\/p>\n\n\n\n<p><\/p>\n\n\n\n<div class=\"wp-block-buttons is-layout-flex wp-block-buttons-is-layout-flex\">\n<div class=\"wp-block-button is-style-arrow\"><a class=\"wp-block-button__link has-black-color has-text-color has-link-color wp-element-button\" href=\"https:\/\/cvent.me\/zY931w\"><strong>Reg\u00edstrate<\/strong><\/a><\/div>\n<\/div>\n\n\n\n<p class=\"has-black-color has-text-color has-link-color wp-elements-1760eff9a30b2902ca0cb62b7f8659a2\"><em>\u00bfYa eres miembro?\u00a0<a href=\"https:\/\/d3.sana.ai\/learn\" target=\"_blank\" rel=\"noreferrer noopener\">Inicia sesi\u00f3n aqu\u00ed.<\/a><\/em><\/p>\n<\/div>\n<\/div>\n<\/div>\n","protected":false},"excerpt":{"rendered":"<p>Las Rutas de Aprendizaje son experiencias estructuradas de aprendizaje de D^3, dise\u00f1adas para ayudar a los profesionales a desarrollar confianza y capacidad en la aplicaci\u00f3n de la IA. A trav\u00e9s de m\u00f3dulos guiados y ejercicios pr\u00e1cticos, combinamos perspectivas basadas en la investigaci\u00f3n con aplicaciones pr\u00e1cticas adaptadas para lograr un impacto en el mundo real. A [&hellip;]<\/p>\n","protected":false},"author":19414,"featured_media":0,"parent":4,"menu_order":0,"comment_status":"closed","ping_status":"closed","template":"","meta":{"_trash_the_other_posts":false,"rkv_hide_featured_image":false,"rkv_hide_page_title":false,"rkv_hide_abstract_shapes":true,"rkv_reduce_header":false,"hbsd3_featured_media_url":"","hbsd3_featured_media_url_autoplay":false,"editor_notices":[],"footnotes":""},"class_list":["post-117","page","type-page","status-publish","hentry"],"_links":{"self":[{"href":"https:\/\/d3.harvard.edu\/preparate-para-el-futuro-con-ia\/wp-json\/wp\/v2\/pages\/117","targetHints":{"allow":["GET"]}}],"collection":[{"href":"https:\/\/d3.harvard.edu\/preparate-para-el-futuro-con-ia\/wp-json\/wp\/v2\/pages"}],"about":[{"href":"https:\/\/d3.harvard.edu\/preparate-para-el-futuro-con-ia\/wp-json\/wp\/v2\/types\/page"}],"author":[{"embeddable":true,"href":"https:\/\/d3.harvard.edu\/preparate-para-el-futuro-con-ia\/wp-json\/wp\/v2\/users\/19414"}],"replies":[{"embeddable":true,"href":"https:\/\/d3.harvard.edu\/preparate-para-el-futuro-con-ia\/wp-json\/wp\/v2\/comments?post=117"}],"version-history":[{"count":19,"href":"https:\/\/d3.harvard.edu\/preparate-para-el-futuro-con-ia\/wp-json\/wp\/v2\/pages\/117\/revisions"}],"predecessor-version":[{"id":356,"href":"https:\/\/d3.harvard.edu\/preparate-para-el-futuro-con-ia\/wp-json\/wp\/v2\/pages\/117\/revisions\/356"}],"up":[{"embeddable":true,"href":"https:\/\/d3.harvard.edu\/preparate-para-el-futuro-con-ia\/wp-json\/wp\/v2\/pages\/4"}],"wp:attachment":[{"href":"https:\/\/d3.harvard.edu\/preparate-para-el-futuro-con-ia\/wp-json\/wp\/v2\/media?parent=117"}],"curies":[{"name":"wp","href":"https:\/\/api.w.org\/{rel}","templated":true}]}}