  {"id":114,"date":"2025-08-15T17:15:06","date_gmt":"2025-08-15T17:15:06","guid":{"rendered":"https:\/\/d3.harvard.edu\/learning-portal\/?page_id=114"},"modified":"2025-11-13T21:28:56","modified_gmt":"2025-11-13T21:28:56","slug":"perspectivas","status":"publish","type":"page","link":"https:\/\/d3.harvard.edu\/preparate-para-el-futuro-con-ia\/perspectivas\/","title":{"rendered":"Perspectivas"},"content":{"rendered":"\n<div class=\"wp-block-group alignwide statement-group-variation is-layout-constrained wp-block-group-is-layout-constrained\">\n<h1 class=\"wp-block-heading alignwide has-text-align-left has-medium-font-size\"><strong>Las&nbsp;Perspectivas&nbsp;re\u00fanen&nbsp;diversas formas de aprendizaje de la comunidad de D^3. A trav\u00e9s de eventos, conversaciones y art\u00edculos de opini\u00f3n, destacamos c\u00f3mo D^3 est\u00e1 dando forma al futuro de la IA en los negocios y la sociedad. Estos recursos ofrecen puntos de entrada accesibles a investigaciones y pr\u00e1cticas de vanguardia, conectando ideas y teor\u00edas con aplicaciones en el mundo real.<\/strong><\/h1>\n<\/div>\n\n\n\n<div class=\"wp-block-columns alignwide is-layout-flex wp-container-core-columns-is-layout-28f84493 wp-block-columns-is-layout-flex\">\n<div class=\"wp-block-column has-light-to-dark-77deg-gradient-background has-background is-layout-flow wp-block-column-is-layout-flow\">\n<h2 class=\"wp-block-heading\"><strong>Eventos<\/strong><\/h2>\n\n\n\n<p><\/p>\n\n\n\n<figure class=\"wp-block-image alignfull size-large\"><img decoding=\"async\" src=\"http:\/\/d3.harvard.edu\/future-proof-with-ai\/wp-content\/uploads\/sites\/42\/2025\/08\/240507-0505-scaled-e1757344394844-1024x580.jpg\" alt=\"\" class=\"wp-image-227\" \/><\/figure>\n\n\n\n<p><\/p>\n\n\n\n<p>Los&nbsp;Eventos&nbsp;te conectan directamente con las personas que est\u00e1n impulsando la innovaci\u00f3n en&nbsp;D^3. Participa en&nbsp;sesiones en vivo en l\u00ednea&nbsp;con profesores y afiliados de D^3 en 性视界, o explora pr\u00f3ximos encuentros presenciales.<\/p>\n\n\n\n<p>Tambi\u00e9n encontrar\u00e1s&nbsp;grabaciones&nbsp;y&nbsp;art\u00edculos de opini\u00f3n relacionados&nbsp;de eventos pasados, dise\u00f1ados para ampliar tu aprendizaje y compartir los principales aprendizajes con la comunidad en general.<\/p>\n<\/div>\n\n\n\n<div class=\"wp-block-column has-white-to-light-grey-gradient-background has-background is-layout-flow wp-block-column-is-layout-flow\">\n<h2 class=\"wp-block-heading\"><strong>Conversaciones<\/strong><\/h2>\n\n\n\n<p><\/p>\n\n\n\n<figure class=\"wp-block-image alignfull size-large\"><img decoding=\"async\" src=\"https:\/\/d3.harvard.edu\/future-proof-with-ai\/wp-content\/uploads\/sites\/42\/2025\/08\/AliPrevScrnS-1-1024x576.png\" alt=\"\" class=\"wp-image-225\" \/><\/figure>\n\n\n\n<p><\/p>\n\n\n\n<p>Conversaciones&nbsp;destaca ideas clave de&nbsp;entrevistas, p\u00f3dcasts y videos&nbsp;protagonizados por profesores y afiliados de&nbsp;D^3 en 性视界. Ya sea que hayan sido grabadas en colaboraci\u00f3n con D^3 o en otros espacios, estas conversaciones ofrecen&nbsp;perspectivas valiosas sobre IA, liderazgo e innovaci\u00f3n.<\/p>\n\n\n\n<p>Las hemos curado aqu\u00ed para compartir el pensamiento y la experiencia de nuestra facultad, ayud\u00e1ndote a explorar&nbsp;aplicaciones reales de tecnolog\u00edas emergentes&nbsp;a trav\u00e9s de&nbsp;di\u00e1logos con expertos.<\/p>\n<\/div>\n\n\n\n<div class=\"wp-block-column has-light-to-dark-77deg-gradient-background has-background is-layout-flow wp-block-column-is-layout-flow\">\n<h2 class=\"wp-block-heading\"><strong>Perspectivas<\/strong><\/h2>\n\n\n\n<p><\/p>\n\n\n\n<figure class=\"wp-block-image alignfull size-large\"><img decoding=\"async\" src=\"http:\/\/d3.harvard.edu\/future-proof-with-ai\/wp-content\/uploads\/sites\/42\/2025\/09\/AdobeStock_1271212927-scaled-e1757344448833-1024x574.jpeg\" alt=\"\" class=\"wp-image-244\" \/><\/figure>\n\n\n\n<p><\/p>\n\n\n\n<p>Las&nbsp;Perspectivas&nbsp;son art\u00edculos breves&nbsp;(aproximadamente&nbsp;750 palabras) que resumen y contextualizan el trabajo m\u00e1s innovador relacionado con la IA, proveniente de los laboratorios y afiliados del&nbsp;Instituto de Dise\u00f1o de Datos Digitales de 性视界&nbsp;(D^3).&nbsp;Estos art\u00edculos traducen investigaciones complejas en&nbsp;conclusiones accesibles para l\u00edderes. En ocasiones, tambi\u00e9n destacamos investigaciones seleccionadas con enfoque en IA de la&nbsp;性视界 Business School&nbsp;y de la comunidad acad\u00e9mica m\u00e1s amplia de&nbsp;性视界, cuando son especialmente relevantes para nuestra comunidad y misi\u00f3n.<\/p>\n<\/div>\n<\/div>\n\n\n\n<div class=\"wp-block-group alignwide has-white-to-light-grey-gradient-background has-background is-layout-constrained wp-block-group-is-layout-constrained\" style=\"box-shadow:var(--wp--preset--shadow--natural)\">\n<h2 class=\"wp-block-heading alignwide\"><strong>Pr\u00f3ximo Evento:<\/strong><\/h2>\n\n\n\n<h5 class=\"wp-block-heading alignwide\"><strong>D^3 Discussions<\/strong>&nbsp;es una serie exclusiva de seminarios web, presentada en&nbsp;<em>Prep\u00e1rate para el Futuro con IA<\/em>, que ofrece las investigaciones m\u00e1s recientes y perspectivas clave de profesores y afiliados de&nbsp;D^3 en 性视界.<\/h5>\n\n\n\n<div class=\"wp-block-media-text alignwide is-stacked-on-mobile\" style=\"grid-template-columns:46% auto\"><figure class=\"wp-block-media-text__media\"><img loading=\"lazy\" decoding=\"async\" width=\"1024\" height=\"576\" src=\"https:\/\/d3.harvard.edu\/preparate-para-el-futuro-con-ia\/wp-content\/uploads\/sites\/43\/2025\/10\/D^3-Discussions-Predicting-the-Future-of-Work-Cover-1024x576.png\" alt=\"\" class=\"wp-image-327 size-full\" srcset=\"https:\/\/d3.harvard.edu\/preparate-para-el-futuro-con-ia\/wp-content\/uploads\/sites\/43\/2025\/10\/D^3-Discussions-Predicting-the-Future-of-Work-Cover-1024x576.png 1024w, https:\/\/d3.harvard.edu\/preparate-para-el-futuro-con-ia\/wp-content\/uploads\/sites\/43\/2025\/10\/D^3-Discussions-Predicting-the-Future-of-Work-Cover-300x169.png 300w, https:\/\/d3.harvard.edu\/preparate-para-el-futuro-con-ia\/wp-content\/uploads\/sites\/43\/2025\/10\/D^3-Discussions-Predicting-the-Future-of-Work-Cover-768x432.png 768w, https:\/\/d3.harvard.edu\/preparate-para-el-futuro-con-ia\/wp-content\/uploads\/sites\/43\/2025\/10\/D^3-Discussions-Predicting-the-Future-of-Work-Cover-1536x864.png 1536w, https:\/\/d3.harvard.edu\/preparate-para-el-futuro-con-ia\/wp-content\/uploads\/sites\/43\/2025\/10\/D^3-Discussions-Predicting-the-Future-of-Work-Cover-512x288.png 512w, https:\/\/d3.harvard.edu\/preparate-para-el-futuro-con-ia\/wp-content\/uploads\/sites\/43\/2025\/10\/D^3-Discussions-Predicting-the-Future-of-Work-Cover.png 1920w\" sizes=\"auto, (max-width: 1024px) 100vw, 1024px\" \/><\/figure><div class=\"wp-block-media-text__content\">\n<h5 class=\"wp-block-heading\"><strong>Prediciendo el futuro del trabajo | Viernes, 5 de diciembre, 1:00 p.\u202fm. ET&nbsp;<\/strong>(en&nbsp;vivo, en l\u00ednea)<\/h5>\n\n\n\n<p>Las organizaciones destinan recursos significativos a programas de bienestar sin contar con m\u00e9todos confiables para predecir su efectividad, escalabilidad o a qu\u00e9 poblaciones deben dirigirse.&nbsp;<strong>Ashley Whillans<\/strong>, Profesora Asociada de HBS y Asociada de D^3, junto con el investigador postdoctoral&nbsp;<strong>Sumer Vaid<\/strong>, est\u00e1n desarrollando&nbsp;<strong>simulaciones con agentes de IA<\/strong>&nbsp;que permiten a las organizaciones modelar las respuestas de los empleados a distintas intervenciones antes de implementarlas, facilitando as\u00ed la optimizaci\u00f3n iterativa.<\/p>\n\n\n\n<p>La sesi\u00f3n tambi\u00e9n contar\u00e1 con la participaci\u00f3n de la&nbsp;<strong>Dra. Jazz Croft<\/strong>&nbsp;de&nbsp;<strong>The Positive Group<\/strong>, quien abordar\u00e1 c\u00f3mo los l\u00edderes organizacionales pueden implementar eficazmente herramientas de IA en sus operaciones.<\/p>\n<\/div><\/div>\n<\/div>\n\n\n\n<div class=\"wp-block-group alignfull has-light-to-dark-77deg-gradient-background has-background is-layout-constrained wp-block-group-is-layout-constrained\" style=\"margin-top:var(--wp--preset--spacing--200);padding-top:var(--wp--preset--spacing--600)\">\n<h2 class=\"wp-block-heading\"><strong>\u00danete Ahora<\/strong><\/h2>\n\n\n\n<div class=\"wp-block-columns is-layout-flex wp-container-core-columns-is-layout-28f84493 wp-block-columns-is-layout-flex\">\n<div class=\"wp-block-column is-layout-flow wp-block-column-is-layout-flow\">\n<p>Aprovecha toda la experiencia de&nbsp;<em>Prep\u00e1rate para el Futuro con IA<\/em>&nbsp;hasta el&nbsp;<strong>28 de septiembre de 2026<\/strong>&nbsp;por un precio total de&nbsp;<strong>$279<\/strong>. Desbloquea tu potencial individual y empresarial, y eleva tu forma de trabajar con&nbsp;D^3.<\/p>\n\n\n\n<p><\/p>\n\n\n\n<div class=\"wp-block-buttons is-layout-flex wp-block-buttons-is-layout-flex\">\n<div class=\"wp-block-button is-style-arrow\"><a class=\"wp-block-button__link has-black-color has-text-color has-link-color wp-element-button\" href=\"https:\/\/cvent.me\/zY931w\"><strong>Reg\u00edstrate<\/strong><\/a><\/div>\n<\/div>\n\n\n\n<p class=\"has-black-color has-text-color has-link-color wp-elements-1760eff9a30b2902ca0cb62b7f8659a2\"><em>\u00bfYa eres miembro?\u00a0<a href=\"https:\/\/d3.sana.ai\/learn\" target=\"_blank\" rel=\"noreferrer noopener\">Inicia sesi\u00f3n aqu\u00ed.<\/a><\/em><\/p>\n<\/div>\n<\/div>\n<\/div>\n","protected":false},"excerpt":{"rendered":"<p>Las&nbsp;Perspectivas&nbsp;re\u00fanen&nbsp;diversas formas de aprendizaje de la comunidad de D^3. A trav\u00e9s de eventos, conversaciones y art\u00edculos de opini\u00f3n, destacamos c\u00f3mo D^3 est\u00e1 dando forma al futuro de la IA en los negocios y la sociedad. Estos recursos ofrecen puntos de entrada accesibles a investigaciones y pr\u00e1cticas de vanguardia, conectando ideas y teor\u00edas con aplicaciones en [&hellip;]<\/p>\n","protected":false},"author":19414,"featured_media":0,"parent":0,"menu_order":0,"comment_status":"closed","ping_status":"closed","template":"","meta":{"_trash_the_other_posts":false,"rkv_hide_featured_image":false,"rkv_hide_page_title":false,"rkv_hide_abstract_shapes":true,"rkv_reduce_header":false,"hbsd3_featured_media_url":"","hbsd3_featured_media_url_autoplay":false,"editor_notices":[],"footnotes":""},"class_list":["post-114","page","type-page","status-publish","hentry"],"_links":{"self":[{"href":"https:\/\/d3.harvard.edu\/preparate-para-el-futuro-con-ia\/wp-json\/wp\/v2\/pages\/114","targetHints":{"allow":["GET"]}}],"collection":[{"href":"https:\/\/d3.harvard.edu\/preparate-para-el-futuro-con-ia\/wp-json\/wp\/v2\/pages"}],"about":[{"href":"https:\/\/d3.harvard.edu\/preparate-para-el-futuro-con-ia\/wp-json\/wp\/v2\/types\/page"}],"author":[{"embeddable":true,"href":"https:\/\/d3.harvard.edu\/preparate-para-el-futuro-con-ia\/wp-json\/wp\/v2\/users\/19414"}],"replies":[{"embeddable":true,"href":"https:\/\/d3.harvard.edu\/preparate-para-el-futuro-con-ia\/wp-json\/wp\/v2\/comments?post=114"}],"version-history":[{"count":13,"href":"https:\/\/d3.harvard.edu\/preparate-para-el-futuro-con-ia\/wp-json\/wp\/v2\/pages\/114\/revisions"}],"predecessor-version":[{"id":357,"href":"https:\/\/d3.harvard.edu\/preparate-para-el-futuro-con-ia\/wp-json\/wp\/v2\/pages\/114\/revisions\/357"}],"wp:attachment":[{"href":"https:\/\/d3.harvard.edu\/preparate-para-el-futuro-con-ia\/wp-json\/wp\/v2\/media?parent=114"}],"curies":[{"name":"wp","href":"https:\/\/api.w.org\/{rel}","templated":true}]}}